{"id":241097,"date":"2021-03-22T17:30:45","date_gmt":"2021-03-22T17:30:45","guid":{"rendered":"https:\/\/museros.org\/?page_id=241097"},"modified":"2026-02-09T10:59:46","modified_gmt":"2026-02-09T08:59:46","slug":"ordenanzas-y-reglamentos","status":"publish","type":"page","link":"https:\/\/museros.org\/inici\/es\/ordenanzas-y-reglamentos\/","title":{"rendered":"Ordenanzas y reglamentos"},"content":{"rendered":"<p>[et_pb_section fb_built=\u00bb1&#8243; _builder_version=\u00bb4.16&#8243; _module_preset=\u00bbdefault\u00bb custom_padding=\u00bb0px||||false|false\u00bb global_colors_info=\u00bb{}\u00bb][et_pb_row column_structure=\u00bb1_4,3_4&#8243; _builder_version=\u00bb4.16&#8243; _module_preset=\u00bbdefault\u00bb custom_margin=\u00bb0px||0px||false|false\u00bb custom_padding=\u00bb0px||0px||false|false\u00bb locked=\u00bboff\u00bb global_colors_info=\u00bb{}\u00bb][et_pb_column type=\u00bb1_4&#8243; _builder_version=\u00bb4.16&#8243; _module_preset=\u00bbdefault\u00bb global_colors_info=\u00bb{}\u00bb][et_pb_image src=\u00bbhttps:\/\/museros.org\/wp-content\/uploads\/2021\/08\/logo-ordenanzas-230&#215;180-1.jpg\u00bb title_text=\u00bblogo-ordenanzas-230&#215;180&#8243; url=\u00bbhttps:\/\/museros.org\/inici\/es\/tramites\u00bb use_overlay=\u00bbon\u00bb overlay_icon_color=\u00bb#E02B20&#8243; hover_overlay_color=\u00bbrgba(255,255,255,0.7)\u00bb hover_icon=\u00bb&#xe04d;||divi||400&#8243; align=\u00bbcenter\u00bb _builder_version=\u00bb4.16&#8243; _module_preset=\u00bbdefault\u00bb width=\u00bb100%\u00bb module_alignment=\u00bbcenter\u00bb global_colors_info=\u00bb{}\u00bb][\/et_pb_image][\/et_pb_column][et_pb_column type=\u00bb3_4&#8243; _builder_version=\u00bb4.16&#8243; _module_preset=\u00bbdefault\u00bb global_colors_info=\u00bb{}\u00bb][et_pb_accordion open_toggle_text_color=\u00bb#990000&#8243; icon_color=\u00bbrgba(153,0,0,0.35)\u00bb use_icon_font_size=\u00bbon\u00bb icon_font_size=\u00bb20px\u00bb admin_label=\u00bbAcorde\u00f3n 2020&#8243; _builder_version=\u00bb4.27.5&#8243; _module_preset=\u00bbdefault\u00bb toggle_text_color=\u00bb#990000&#8243; toggle_font=\u00bb|600|||||||\u00bb toggle_text_align=\u00bbleft\u00bb toggle_font_size=\u00bb16px\u00bb body_font=\u00bb||||||||\u00bb custom_margin=\u00bb||25px||false|false\u00bb locked=\u00bboff\u00bb global_colors_info=\u00bb{}\u00bb][et_pb_accordion_item title=\u00bbOrdenanzas\u00bb open=\u00bbon\u00bb open_toggle_text_color=\u00bb#990000&#8243; open_toggle_background_color=\u00bb#ffffff\u00bb closed_toggle_text_color=\u00bb#ffffff\u00bb closed_toggle_background_color=\u00bbrgba(0,0,0,0.3)\u00bb icon_color=\u00bbrgba(99,0,0,0.2)\u00bb use_icon_font_size=\u00bbon\u00bb icon_font_size=\u00bb20px\u00bb _builder_version=\u00bb4.27.5&#8243; _module_preset=\u00bbdefault\u00bb width=\u00bb100%\u00bb global_colors_info=\u00bb{}\u00bb toggle_text_color=\u00bb#990000&#8243; toggle_level=\u00bbh4&#8243; toggle_font=\u00bb|600|||||||\u00bb toggle_font_size=\u00bb24px\u00bb closed_toggle_font_size=\u00bb20px\u00bb]<\/p>\n<p>\u2022 Edicto del Ayuntamiento de Museros sobre modificaci\u00f3n de la ordenanza reguladora del precio p\u00fablico por prestaci\u00f3n de servicios en las escuelas infantiles municipales. (N\u00ba120-24\/06\/2021) <a href=\"https:\/\/museros.org\/wp-content\/uploads\/2023\/04\/MODIFICACION-ORDENANZA-GUARDERIAS-INFANTILES-MUNICIPALES-JUNIO-2021.pdf\" target=\"_blank\" rel=\"noopener\">pdf&gt;<\/a><br \/>\u2022 Edicto del Ayuntamiento de Museros sobre modificaci\u00f3n de la ordenanza reguladora del precio p\u00fablico por prestaci\u00f3n de servicios en la escuela de verano. (N\u00ba113-14\/06\/2022) <a href=\"https:\/\/museros.org\/wp-content\/uploads\/2023\/04\/MODIFICACION-ORDENANZA-PRECIO-PUBLICO-ESCOLA-ESTIU-JUNIO-2022.pdf\" target=\"_blank\" rel=\"noopener\">pdf&gt;<\/a><br \/>\u2022 Anuncio del Ayuntamiento de Museros sobre correcci\u00f3n de errores a la modificaci\u00f3n de la ordenanza reguladora del precio p\u00fablico por prestaci\u00f3n de servicios en la escuela de verano. (N\u00ba124-30\/06\/2022) <a href=\"https:\/\/museros.org\/wp-content\/uploads\/2023\/04\/CORRECCION-MODIFICACION-ORDENANZA-PRECIO-PUBLICO-ESCOLA-ESTIU-JUNIO-2022.pdf\" target=\"_blank\" rel=\"noopener\">pdf&gt;<\/a><br \/>\u2022 Ordenanza municipal abolicionista de la prostituci\u00f3n y de la explotaci\u00f3n sexual <a href=\"https:\/\/museros.org\/wp-content\/uploads\/2022\/10\/Ordenanc%CC%A7a-municipal-abolicionista-de-la-prostitucio-i-de-lexplotacio-sexual.pdf\" target=\"_blank\" rel=\"noopener\">pdf&gt;<\/a><br \/>\u2022 Ordenanza reguladora de la venta no sedentaria de Museros <a href=\"https:\/\/museros.org\/wp-content\/uploads\/2022\/10\/Ordenanza-reguladora-de-la-venta-no-sedentaria-de-Museros.pdf\" target=\"_blank\" rel=\"noopener\">pdf&gt;<\/a><br \/>\u2022 Ordenanza fiscal y reguladora de precios p\u00fablicos 2026 <a href=\"https:\/\/museros.org\/wp-content\/uploads\/2026\/01\/texto-refundido-ordenanzas-fiscales-1-1-2026.pdf\" target=\"_blank\" rel=\"noopener\">pdf&gt;<\/a><br \/>\u2022 Ordenanza tr\u00e1fico <a href=\"https:\/\/museros.org\/wp-content\/uploads\/2021\/04\/Ordenanc\u0327a-tra\u0300nsit.pdf\" target=\"_blank\" rel=\"noopener\">pdf&gt;<\/a><br \/>\u2022 Ordenanza municipal de convivencia ciudadana y protecci\u00f3n del espacio p\u00fablico <a href=\"https:\/\/museros.org\/wp-content\/uploads\/2025\/09\/bopv_n153-120825-ordenanza-reguladora-de-convivencia-ciudadana-y-proteccion-del-espacio-publico.pdf\" target=\"_blank\" rel=\"noopener\">pdf&gt;<\/a><br \/>\u2022 Ordenanza de gesti\u00f3n y recaudaci\u00f3n de tributos <a href=\"https:\/\/museros.org\/wp-content\/uploads\/2021\/04\/Ordenanc\u0327a-de-gestio\u0301-i-recaptacio\u0301-de-tributs.pdf\" target=\"_blank\" rel=\"noopener\">pdf&gt;<\/a><br \/>\u2022 Ordenanza de vertidos <a href=\"https:\/\/museros.org\/wp-content\/uploads\/2021\/04\/Ordenanc\u0327a-dabocaments.pdf\" target=\"_blank\" rel=\"noopener\">pdf&gt;<\/a><br \/>\u2022 Ordenanza de usos y costumbres rurales <a href=\"https:\/\/museros.org\/wp-content\/uploads\/2021\/04\/Ordenanc\u0327a-dusos-i-costums-rurals.pdf\" target=\"_blank\" rel=\"noopener\">pdf&gt;<\/a><br \/>\u2022 Modificaci\u00f3n ordenanza sobre la tenencia de animales de compa\u00f1\u00eda <a href=\"https:\/\/museros.org\/wp-content\/uploads\/2021\/04\/Modificacio\u0301-ordenanc\u0327a-animals.pdf\" target=\"_blank\" rel=\"noopener\">pdf&gt;<\/a><br \/>\u2022 Normas subsidiarias de planeamiento <a href=\"https:\/\/museros.org\/wp-content\/uploads\/2021\/04\/Normes-subsidia\u0300ries-de-planejament.pdf\" target=\"_blank\" rel=\"noopener\">pdf&gt;<\/a><br \/>\u2022 Ordenanza precio p\u00fablico Escola d&#8217;estiu <a href=\"https:\/\/museros.org\/wp-content\/uploads\/2025\/05\/ordenanza-precio-publico-escola-estiu-bopv_anuncio_n-124-30-06-22.pdf\" target=\"_blank\" rel=\"noopener\">pdf&gt;<\/a><br \/>\u2022 Ordenanza precio p\u00fablico Escuela Infantil Primer Ciclo <a href=\"https:\/\/museros.org\/wp-content\/uploads\/2025\/05\/ordenanza-precio-publico-escola-infantil-primer-ciclo-bopv_anuncio_n-136-16-07-24.pdf\" target=\"_blank\" rel=\"noopener\">pdf&gt;<\/a><br \/>\u2022 Ordenanza de la gesti\u00f3n de residuos del municipio de Museros <a href=\"https:\/\/museros.org\/wp-content\/uploads\/2025\/05\/Ordenanca-de-la-gestio-de-residus-del-municipi-de-Museros.pdf\" target=\"_blank\" rel=\"noopener\">pdf&gt;<\/a><br \/>\u2022 Ordenanza fiscal reguladora de la tasa por la celebraci\u00f3n de ceremonias civiles <a href=\"https:\/\/museros.org\/wp-content\/uploads\/2025\/09\/ordenanza-fiscal-reguladora-de-la-tasa-ceremonias-civiles.pdf\" target=\"_blank\" rel=\"noopener\">pdf&gt;<\/a><br \/>\u2022 Ordenanza reguladora del estacionamiento para personas con discapacidad que presentan movilidad reducida <a href=\"https:\/\/museros.org\/wp-content\/uploads\/2026\/02\/20260206_ordenanza-reguladora-del-estacionamiento-de-personas-con-movilidad-reducida.pdf\" target=\"_blank\" rel=\"noopener\">pdf&gt;<\/a><\/p>\n<p>[\/et_pb_accordion_item][et_pb_accordion_item title=\u00bbReglamentos\u00bb open_toggle_text_color=\u00bb#990000&#8243; open_toggle_background_color=\u00bb#ffffff\u00bb closed_toggle_text_color=\u00bb#ffffff\u00bb closed_toggle_background_color=\u00bbrgba(0,0,0,0.3)\u00bb icon_color=\u00bbrgba(99,0,0,0.2)\u00bb use_icon_font_size=\u00bbon\u00bb icon_font_size=\u00bb20px\u00bb _builder_version=\u00bb4.27.5&#8243; _module_preset=\u00bbdefault\u00bb width=\u00bb100%\u00bb global_colors_info=\u00bb{}\u00bb toggle_text_color=\u00bb#990000&#8243; toggle_level=\u00bbh4&#8243; toggle_font=\u00bb|600|||||||\u00bb toggle_font_size=\u00bb24px\u00bb closed_toggle_font_size=\u00bb20px\u00bb open=\u00bboff\u00bb]<\/p>\n<p>\u2022 Reglament de tancament de camins rurals <a href=\"https:\/\/museros.org\/wp-content\/uploads\/2021\/04\/Reglament-tancament-camins-rurals.pdf\" target=\"_blank\" rel=\"noopener\">pdf&gt;<\/a><br \/>\u2022 Reglament per a la promoci\u00f3 de l&#8217;\u00fas del valenci\u00e0 <a href=\"https:\/\/museros.org\/wp-content\/uploads\/2021\/04\/Reglament-promocio\u0301-valencia\u0300.pdf\" target=\"_blank\" rel=\"noopener\">pdf&gt;<\/a><br \/>\u2022 Reglament de r\u00e8gim d&#8217;\u00fas horts socials <a href=\"https:\/\/museros.org\/wp-content\/uploads\/2021\/04\/Reglament-de-re\u0300gim-du\u0301s-horts-socials.pdf\" target=\"_blank\" rel=\"noopener\">pdf&gt;<\/a><br \/>\u2022 Reglament d&#8217;\u00fas dels paellers <a href=\"https:\/\/museros.org\/wp-content\/uploads\/2021\/04\/Reglament-du\u0301s-dels-paellers.pdf\" target=\"_blank\" rel=\"noopener\">pdf&gt;<\/a><br \/>\u2022 Reglament d&#8217;\u00fas de l&#8217;Espai Jove <a href=\"https:\/\/museros.org\/wp-content\/uploads\/2021\/04\/Reglament-du\u0301s-de-lEspai-Jove.pdf\" target=\"_blank\" rel=\"noopener\">pdf&gt;<\/a><br \/>\u2022 Reglamento control horario <a href=\"https:\/\/museros.org\/wp-content\/uploads\/2022\/10\/Reglament-control-horari.pdf\" target=\"_blank\" rel=\"noopener\">pdf&gt;<\/a><br \/>\u2022 Reglamento de funcionamiento de la MG <a href=\"https:\/\/museros.org\/wp-content\/uploads\/2022\/10\/REGLAMENTO-DE-FUNCIONAMIENTO-DE-LA-MGN.pdf\" target=\"_blank\" rel=\"noopener\">pdf&gt;<\/a><br \/>\u2022 Reglamento promoci\u00f3n del valenciano <a href=\"https:\/\/museros.org\/wp-content\/uploads\/2023\/11\/Reglament-promocio-valencia.pdf\" target=\"_blank\" rel=\"noopener\">pdf&gt;<\/a><br \/><span class=\"media-list-title\">\u2022 Reglamento de uso de los huertos sociales ecol\u00f3gicos 2024 <a href=\"https:\/\/museros.org\/wp-content\/uploads\/2024\/06\/Reglamentd-us-dels-horts-socials-ecologics-2024.pdf\" target=\"_blank\" rel=\"noopener\">pdf&gt;<\/a><\/span><br \/><span class=\"media-list-title\">\u2022 Reglamento Regulador de Honores y Distinciones <a href=\"https:\/\/museros.org\/wp-content\/uploads\/2025\/04\/Reglament-Regulador-dHonors-i-Distincions.pdf\" target=\"_blank\" rel=\"noopener\">pdf&gt;<\/a><br \/>\u2022 Reglamento de normas de uso y funcionamiento de la agencia de lectura de Museros\u00a0<a href=\"https:\/\/museros.org\/wp-content\/uploads\/2025\/11\/bopv_anuncio_aprob-reglament-agencia-lectura.pdf\" target=\"_blank\" rel=\"noopener\">pdf&gt;<\/a><br \/>\u2022 Reglamento <\/span>Regulador del Teletrabajo del personal empleado p\u00fablico del ayuntamiento <span class=\"media-list-title\"><a href=\"https:\/\/museros.org\/wp-content\/uploads\/2026\/01\/anuncio-bop-28-11-25-reglamento-teletrabajo-empleado-publico-ayuntamiento-museros.pdf\" target=\"_blank\" rel=\"noopener\">pdf&gt;<\/a><\/span><\/p>\n<p>[\/et_pb_accordion_item][\/et_pb_accordion][\/et_pb_column][\/et_pb_row][et_pb_row column_structure=\u00bb1_4,3_4&#8243; _builder_version=\u00bb4.16&#8243; _module_preset=\u00bbdefault\u00bb custom_margin=\u00bb19px||||false|false\u00bb custom_padding=\u00bb0px||0px||false|false\u00bb global_colors_info=\u00bb{}\u00bb][et_pb_column type=\u00bb1_4&#8243; _builder_version=\u00bb4.16&#8243; _module_preset=\u00bbdefault\u00bb global_colors_info=\u00bb{}\u00bb][\/et_pb_column][et_pb_column type=\u00bb3_4&#8243; _builder_version=\u00bb4.16&#8243; _module_preset=\u00bbdefault\u00bb global_colors_info=\u00bb{}\u00bb][et_pb_divider color=\u00bb#999999&#8243; divider_style=\u00bbdotted\u00bb divider_weight=\u00bb7px\u00bb _builder_version=\u00bb4.16&#8243; _module_preset=\u00bbdefault\u00bb custom_margin=\u00bb||||false|false\u00bb locked=\u00bboff\u00bb global_colors_info=\u00bb{}\u00bb][\/et_pb_divider][\/et_pb_column][\/et_pb_row][et_pb_row column_structure=\u00bb1_4,1_4,1_4,1_4&#8243; _builder_version=\u00bb4.16&#8243; _module_preset=\u00bbdefault\u00bb custom_margin=\u00bb0px||0px||false|false\u00bb custom_padding=\u00bb0px||0px||false|false\u00bb global_colors_info=\u00bb{}\u00bb][et_pb_column type=\u00bb1_4&#8243; _builder_version=\u00bb4.16&#8243; _module_preset=\u00bbdefault\u00bb global_colors_info=\u00bb{}\u00bb][\/et_pb_column][et_pb_column type=\u00bb1_4&#8243; _builder_version=\u00bb4.16&#8243; _module_preset=\u00bbdefault\u00bb global_colors_info=\u00bb{}\u00bb][et_pb_image src=\u00bbhttps:\/\/museros.org\/wp-content\/uploads\/2021\/08\/logo-instancias-230&#215;180-1.jpg\u00bb title_text=\u00bblogo-instancias-230&#215;180&#8243; url=\u00bbhttps:\/\/museros.org\/inici\/es\/instancias\u00bb use_overlay=\u00bbon\u00bb overlay_icon_color=\u00bb#E02B20&#8243; hover_overlay_color=\u00bbrgba(255,255,255,0.7)\u00bb hover_icon=\u00bb&#xe04e;||divi||400&#8243; align=\u00bbcenter\u00bb _builder_version=\u00bb4.16&#8243; _module_preset=\u00bbdefault\u00bb width=\u00bb100%\u00bb module_alignment=\u00bbcenter\u00bb global_colors_info=\u00bb{}\u00bb][\/et_pb_image][\/et_pb_column][et_pb_column type=\u00bb1_4&#8243; _builder_version=\u00bb4.16&#8243; _module_preset=\u00bbdefault\u00bb global_colors_info=\u00bb{}\u00bb][et_pb_image src=\u00bbhttps:\/\/museros.org\/wp-content\/uploads\/2021\/08\/logo-inscripciones-230&#215;180-1.jpg\u00bb title_text=\u00bblogo-inscripciones-230&#215;180&#8243; url=\u00bbhttps:\/\/museros.org\/inici\/es\/inscripciones\u00bb use_overlay=\u00bbon\u00bb overlay_icon_color=\u00bb#E02B20&#8243; hover_overlay_color=\u00bbrgba(255,255,255,0.7)\u00bb hover_icon=\u00bb&#xe04e;||divi||400&#8243; align=\u00bbcenter\u00bb _builder_version=\u00bb4.16&#8243; _module_preset=\u00bbdefault\u00bb width=\u00bb100%\u00bb module_alignment=\u00bbcenter\u00bb global_colors_info=\u00bb{}\u00bb][\/et_pb_image][\/et_pb_column][et_pb_column type=\u00bb1_4&#8243; _builder_version=\u00bb4.16&#8243; _module_preset=\u00bbdefault\u00bb global_colors_info=\u00bb{}\u00bb][\/et_pb_column][\/et_pb_row][et_pb_row _builder_version=\u00bb4.16&#8243; _module_preset=\u00bbdefault\u00bb locked=\u00bboff\u00bb global_colors_info=\u00bb{}\u00bb][et_pb_column type=\u00bb4_4&#8243; _builder_version=\u00bb4.16&#8243; _module_preset=\u00bbdefault\u00bb global_colors_info=\u00bb{}\u00bb][et_pb_divider color=\u00bb#E02B20&#8243; divider_weight=\u00bb4px\u00bb _builder_version=\u00bb4.16&#8243; _module_preset=\u00bbdefault\u00bb global_colors_info=\u00bb{}\u00bb][\/et_pb_divider][\/et_pb_column][\/et_pb_row][\/et_pb_section]<\/p>\n","protected":false},"excerpt":{"rendered":"<p>\u2022 Edicto del Ayuntamiento de Museros sobre modificaci\u00f3n de la ordenanza reguladora del precio p\u00fablico por prestaci\u00f3n de servicios en las escuelas infantiles municipales. (N\u00ba120-24\/06\/2021) pdf&gt;\u2022 Edicto del Ayuntamiento de Museros sobre modificaci\u00f3n de la ordenanza reguladora del precio p\u00fablico por prestaci\u00f3n de servicios en la escuela de verano. (N\u00ba113-14\/06\/2022) pdf&gt;\u2022 Anuncio del Ayuntamiento de [&hellip;]<\/p>\n","protected":false},"author":8,"featured_media":0,"parent":0,"menu_order":0,"comment_status":"closed","ping_status":"closed","template":"","meta":{"_et_pb_use_builder":"on","_et_pb_old_content":"","_et_gb_content_width":"","_mc_calendar":[],"footnotes":""},"wf_page_folders":[310],"class_list":["post-241097","page","type-page","status-publish","hentry"],"_links":{"self":[{"href":"https:\/\/museros.org\/inici\/wp-json\/wp\/v2\/pages\/241097","targetHints":{"allow":["GET"]}}],"collection":[{"href":"https:\/\/museros.org\/inici\/wp-json\/wp\/v2\/pages"}],"about":[{"href":"https:\/\/museros.org\/inici\/wp-json\/wp\/v2\/types\/page"}],"author":[{"embeddable":true,"href":"https:\/\/museros.org\/inici\/wp-json\/wp\/v2\/users\/8"}],"replies":[{"embeddable":true,"href":"https:\/\/museros.org\/inici\/wp-json\/wp\/v2\/comments?post=241097"}],"version-history":[{"count":81,"href":"https:\/\/museros.org\/inici\/wp-json\/wp\/v2\/pages\/241097\/revisions"}],"predecessor-version":[{"id":278581,"href":"https:\/\/museros.org\/inici\/wp-json\/wp\/v2\/pages\/241097\/revisions\/278581"}],"wp:attachment":[{"href":"https:\/\/museros.org\/inici\/wp-json\/wp\/v2\/media?parent=241097"}],"wp:term":[{"taxonomy":"wf_page_folders","embeddable":true,"href":"https:\/\/museros.org\/inici\/wp-json\/wp\/v2\/wf_page_folders?post=241097"}],"curies":[{"name":"wp","href":"https:\/\/api.w.org\/{rel}","templated":true}]}}