{"id":241071,"date":"2021-03-22T11:30:58","date_gmt":"2021-03-22T11:30:58","guid":{"rendered":"https:\/\/museros.org\/?page_id=241071"},"modified":"2024-11-18T11:11:24","modified_gmt":"2024-11-18T11:11:24","slug":"omic-on-line","status":"publish","type":"page","link":"https:\/\/museros.org\/inici\/es\/omic-on-line\/","title":{"rendered":"OMIC on line"},"content":{"rendered":"<p>[et_pb_section fb_built=\u00bb1&#8243; _builder_version=\u00bb4.16&#8243; _module_preset=\u00bbdefault\u00bb custom_padding=\u00bb0px||||false|false\u00bb global_colors_info=\u00bb{}\u00bb][et_pb_row column_structure=\u00bb1_3,2_3&#8243; use_custom_gutter=\u00bbon\u00bb gutter_width=\u00bb3&#8243; _builder_version=\u00bb4.16&#8243; _module_preset=\u00bbdefault\u00bb custom_padding=\u00bb0px||||false|false\u00bb locked=\u00bboff\u00bb global_colors_info=\u00bb{}\u00bb][et_pb_column type=\u00bb1_3&#8243; _builder_version=\u00bb4.16&#8243; _module_preset=\u00bbdefault\u00bb global_colors_info=\u00bb{}\u00bb][et_pb_image src=\u00bbhttps:\/\/museros.org\/wp-content\/uploads\/2021\/08\/logo-omic-cs.jpg\u00bb title_text=\u00bblogo-omic-cs\u00bb url=\u00bbhttps:\/\/museros.org\/inici\/es\/\u00bb use_overlay=\u00bbon\u00bb overlay_icon_color=\u00bb#E02B20&#8243; hover_overlay_color=\u00bbrgba(255,255,255,0.7)\u00bb hover_icon=\u00bb&#xe04d;||divi||400&#8243; align=\u00bbcenter\u00bb _builder_version=\u00bb4.16&#8243; _module_preset=\u00bbdefault\u00bb global_colors_info=\u00bb{}\u00bb][\/et_pb_image][\/et_pb_column][et_pb_column type=\u00bb2_3&#8243; _builder_version=\u00bb4.16&#8243; _module_preset=\u00bbdefault\u00bb global_colors_info=\u00bb{}\u00bb][et_pb_text _builder_version=\u00bb4.16&#8243; _module_preset=\u00bbdefault\u00bb global_colors_info=\u00bb{}\u00bb]<\/p>\n<h1>Oficina Municipal de Informaci\u00f3n al Consumidor<\/h1>\n<p>[\/et_pb_text][et_pb_text _builder_version=\u00bb4.27.3&#8243; _module_preset=\u00bbdefault\u00bb custom_margin=\u00bb||-1px||false|false\u00bb hover_enabled=\u00bb0&#8243; global_colors_info=\u00bb{}\u00bb sticky_enabled=\u00bb0&#8243;]<\/p>\n<p>La Oficina Municipal Informaci\u00f3n al Consumidor es un servicio totalmente gratuito, prestado por la Mancomunitat de l\u00b4Horta Nord, en los municipios que la integran, con el fin de asesorarles en sus decisiones de consumo, informarles de sus derechos y defenderles, cuando \u00e9stos hayan sido vulnerados.<\/p>\n<h4>C\u00f3mo contactar<\/h4>\n<p>En el horario de atenci\u00f3n al p\u00fablico del Ayuntamiento, los jueves de 09.00 h a 12.00 h, v\u00eda e-mail: <a href=\"mailto:omic@mhnord.es\" target=\"_blank\" rel=\"noopener\">omic@mhnord.es<\/a> o cita previa en el tel\u00e9fono 96 144 16 80.<\/p>\n<h4>Funciones:<\/h4>\n<p>&#8211; Asesoramiento jur\u00eddico especializado en materia de consumo.<br \/>&#8211; Recepci\u00f3n y gesti\u00f3n de reclamaciones quejas y denuncias suscitadas por los consumidores.<br \/>&#8211; Facilitar informaci\u00f3n de direcciones de otros organismos o entidades de inter\u00e9s para el consumidor.<br \/>&#8211; Mediaci\u00f3n entre consumidor y comerciante para la resoluci\u00f3n de conflictos.<br \/>&#8211; Colaboraci\u00f3n en actuaciones de inspecci\u00f3n.<br \/>&#8211; Elaboraci\u00f3n de folletos, carteles, y la participaci\u00f3n en medios de divulgaci\u00f3n locales y comarcales, como televisiones, peri\u00f3dicos, boletines municipales&#8230; sobre temas de consumo.<br \/>&#8211; Elaboraci\u00f3n y realizaci\u00f3n de charlas, talleres, jornadas&#8230; tanto formativas como informativas, sobre temas de inter\u00e9s para los consumidores y usuarios de todas las edades: ni\u00f1os, amas de casa, tercera edad&#8230;<br \/>&#8211; Colaboraci\u00f3n y fomento del asociacionismo de consumidores y usuarios.<br \/>&#8211; Distribuci\u00f3n a comerciantes de Hojas de Reclamaciones.<br \/>&#8211; Realizar actividades de colaboraci\u00f3n con el sistema educativo, en materia de consumo.<\/p>\n<p>M\u00e1s informaci\u00f3n: <a href=\"http:\/\/www.hortanord.es\/es\/page\/consumidores\" target=\"_blank\" rel=\"noopener\">http:\/\/www.hortanord.es\/es\/page\/consumidores<\/a><\/p>\n<p>[\/et_pb_text][\/et_pb_column][\/et_pb_row][et_pb_row _builder_version=\u00bb4.16&#8243; _module_preset=\u00bbdefault\u00bb global_colors_info=\u00bb{}\u00bb][et_pb_column type=\u00bb4_4&#8243; _builder_version=\u00bb4.16&#8243; _module_preset=\u00bbdefault\u00bb global_colors_info=\u00bb{}\u00bb][et_pb_divider color=\u00bb#E02B20&#8243; divider_weight=\u00bb4px\u00bb _builder_version=\u00bb4.16&#8243; _module_preset=\u00bbdefault\u00bb global_colors_info=\u00bb{}\u00bb][\/et_pb_divider][\/et_pb_column][\/et_pb_row][\/et_pb_section]<\/p>\n","protected":false},"excerpt":{"rendered":"<p>Oficina Municipal de Informaci\u00f3n al ConsumidorLa Oficina Municipal Informaci\u00f3n al Consumidor es un servicio totalmente gratuito, prestado por la Mancomunitat de l\u00b4Horta Nord, en los municipios que la integran, con el fin de asesorarles en sus decisiones de consumo, informarles de sus derechos y defenderles, cuando \u00e9stos hayan sido vulnerados. C\u00f3mo contactar En el horario [&hellip;]<\/p>\n","protected":false},"author":8,"featured_media":0,"parent":0,"menu_order":0,"comment_status":"closed","ping_status":"closed","template":"","meta":{"_et_pb_use_builder":"on","_et_pb_old_content":"","_et_gb_content_width":"","_mc_calendar":[],"footnotes":""},"wf_page_folders":[380],"class_list":["post-241071","page","type-page","status-publish","hentry"],"_links":{"self":[{"href":"https:\/\/museros.org\/inici\/wp-json\/wp\/v2\/pages\/241071","targetHints":{"allow":["GET"]}}],"collection":[{"href":"https:\/\/museros.org\/inici\/wp-json\/wp\/v2\/pages"}],"about":[{"href":"https:\/\/museros.org\/inici\/wp-json\/wp\/v2\/types\/page"}],"author":[{"embeddable":true,"href":"https:\/\/museros.org\/inici\/wp-json\/wp\/v2\/users\/8"}],"replies":[{"embeddable":true,"href":"https:\/\/museros.org\/inici\/wp-json\/wp\/v2\/comments?post=241071"}],"version-history":[{"count":16,"href":"https:\/\/museros.org\/inici\/wp-json\/wp\/v2\/pages\/241071\/revisions"}],"predecessor-version":[{"id":272121,"href":"https:\/\/museros.org\/inici\/wp-json\/wp\/v2\/pages\/241071\/revisions\/272121"}],"wp:attachment":[{"href":"https:\/\/museros.org\/inici\/wp-json\/wp\/v2\/media?parent=241071"}],"wp:term":[{"taxonomy":"wf_page_folders","embeddable":true,"href":"https:\/\/museros.org\/inici\/wp-json\/wp\/v2\/wf_page_folders?post=241071"}],"curies":[{"name":"wp","href":"https:\/\/api.w.org\/{rel}","templated":true}]}}