{"id":241049,"date":"2021-03-21T23:49:25","date_gmt":"2021-03-21T23:49:25","guid":{"rendered":"https:\/\/museros.org\/?page_id=241049"},"modified":"2021-12-12T08:15:59","modified_gmt":"2021-12-12T08:15:59","slug":"centro-de-salud","status":"publish","type":"page","link":"https:\/\/museros.org\/inici\/es\/centro-de-salud\/","title":{"rendered":"Centro de Salud"},"content":{"rendered":"<p>[et_pb_section fb_built=\u00bb1&#8243; _builder_version=\u00bb4.10.4&#8243; _module_preset=\u00bbdefault\u00bb custom_margin=\u00bb0px||||false|false\u00bb custom_padding=\u00bb0px||||false|false\u00bb global_colors_info=\u00bb{}\u00bb][et_pb_row column_structure=\u00bb1_4,3_4&#8243; _builder_version=\u00bb4.10.4&#8243; _module_preset=\u00bbdefault\u00bb custom_margin=\u00bb0px||||false|false\u00bb custom_padding=\u00bb0px||||false|false\u00bb global_colors_info=\u00bb{}\u00bb][et_pb_column type=\u00bb1_4&#8243; _builder_version=\u00bb4.9.11&#8243; _module_preset=\u00bbdefault\u00bb global_colors_info=\u00bb{}\u00bb][et_pb_image src=\u00bbhttps:\/\/museros.org\/wp-content\/uploads\/2021\/03\/agenciavalencianadesalud.jpg\u00bb title_text=\u00bbagenciavalencianadesalud\u00bb _builder_version=\u00bb4.14.2&#8243; _module_preset=\u00bbdefault\u00bb hover_enabled=\u00bb0&#8243; global_colors_info=\u00bb{}\u00bb sticky_enabled=\u00bb0&#8243;][\/et_pb_image][\/et_pb_column][et_pb_column type=\u00bb3_4&#8243; _builder_version=\u00bb4.9.11&#8243; _module_preset=\u00bbdefault\u00bb global_colors_info=\u00bb{}\u00bb][et_pb_image src=\u00bbhttps:\/\/museros.org\/wp-content\/uploads\/2021\/03\/centrosalud-1080&#215;360-B.jpg\u00bb title_text=\u00bbcentrosalud-1080&#215;360-B\u00bb _builder_version=\u00bb4.9.11&#8243; _module_preset=\u00bbdefault\u00bb global_colors_info=\u00bb{}\u00bb][\/et_pb_image][et_pb_text _builder_version=\u00bb4.10.7&#8243; _module_preset=\u00bbdefault\u00bb global_colors_info=\u00bb{}\u00bb]<\/p>\n<h2>Centro de Salud<\/h2>\n<p>Avenida del Pa\u00eds Valenci\u00e0, 15<\/p>\n<p>Telf. 963 10 88 80<br \/>Fax: 963 10 88 81<br \/>E-mail: <a href=\"mailto:paci_csmuseros@gva.es\">paci_csmuseros@gva.es<\/a><br \/>(indicar el n\u00famero de SIP y el motivo o profesional a quien va dirigida la consulta)<\/p>\n<h4>Horario de consultas<\/h4>\n<p>De lunes a s\u00e1bados: de 08.00 h a 15.00 h<\/p>\n<p>Para urgencias fuera de horario de consulta, dirigirse al Punto de Atenci\u00f3n Continuada de Massamagrell<br \/>Telf. 961 46 70 50<br \/>De lunes a s\u00e1bado, de 15.00 h a 08.00 h<br \/>Domingos y festivos 24 horas<\/p>\n<h4>Cartera de sevicios<\/h4>\n<p>\u2022 Medicina familiar y comunitaria<br \/>\u2022 Pediatr\u00eda<br \/>\u2022 Enfermer\u00eda<br \/>\u2022 Matrona<\/p>\n<p>[\/et_pb_text][\/et_pb_column][\/et_pb_row][et_pb_row _builder_version=\u00bb4.10.2&#8243; _module_preset=\u00bbdefault\u00bb global_colors_info=\u00bb{}\u00bb][et_pb_column type=\u00bb4_4&#8243; _builder_version=\u00bb4.10.2&#8243; _module_preset=\u00bbdefault\u00bb global_colors_info=\u00bb{}\u00bb][et_pb_divider color=\u00bb#E02B20&#8243; divider_weight=\u00bb4px\u00bb _builder_version=\u00bb4.10.2&#8243; _module_preset=\u00bbdefault\u00bb global_colors_info=\u00bb{}\u00bb][\/et_pb_divider][\/et_pb_column][\/et_pb_row][\/et_pb_section]<\/p>\n","protected":false},"excerpt":{"rendered":"<p>Centro de Salud Avenida del Pa\u00eds Valenci\u00e0, 15 Telf. 963 10 88 80Fax: 963 10 88 81E-mail: paci_csmuseros@gva.es(indicar el n\u00famero de SIP y el motivo o profesional a quien va dirigida la consulta) Horario de consultas De lunes a s\u00e1bados: de 08.00 h a 15.00 h Para urgencias fuera de horario de consulta, dirigirse al [&hellip;]<\/p>\n","protected":false},"author":8,"featured_media":0,"parent":0,"menu_order":0,"comment_status":"closed","ping_status":"closed","template":"","meta":{"_et_pb_use_builder":"on","_et_pb_old_content":"","_et_gb_content_width":"","_mc_calendar":[],"footnotes":""},"wf_page_folders":[383],"class_list":["post-241049","page","type-page","status-publish","hentry"],"_links":{"self":[{"href":"https:\/\/museros.org\/inici\/wp-json\/wp\/v2\/pages\/241049","targetHints":{"allow":["GET"]}}],"collection":[{"href":"https:\/\/museros.org\/inici\/wp-json\/wp\/v2\/pages"}],"about":[{"href":"https:\/\/museros.org\/inici\/wp-json\/wp\/v2\/types\/page"}],"author":[{"embeddable":true,"href":"https:\/\/museros.org\/inici\/wp-json\/wp\/v2\/users\/8"}],"replies":[{"embeddable":true,"href":"https:\/\/museros.org\/inici\/wp-json\/wp\/v2\/comments?post=241049"}],"version-history":[{"count":20,"href":"https:\/\/museros.org\/inici\/wp-json\/wp\/v2\/pages\/241049\/revisions"}],"predecessor-version":[{"id":251043,"href":"https:\/\/museros.org\/inici\/wp-json\/wp\/v2\/pages\/241049\/revisions\/251043"}],"wp:attachment":[{"href":"https:\/\/museros.org\/inici\/wp-json\/wp\/v2\/media?parent=241049"}],"wp:term":[{"taxonomy":"wf_page_folders","embeddable":true,"href":"https:\/\/museros.org\/inici\/wp-json\/wp\/v2\/wf_page_folders?post=241049"}],"curies":[{"name":"wp","href":"https:\/\/api.w.org\/{rel}","templated":true}]}}