{"id":241012,"date":"2021-03-17T21:31:40","date_gmt":"2021-03-17T21:31:40","guid":{"rendered":"https:\/\/museros.org\/?page_id=241012"},"modified":"2026-05-04T15:34:52","modified_gmt":"2026-05-04T13:34:52","slug":"casa-de-cultura-cs","status":"publish","type":"page","link":"https:\/\/museros.org\/inici\/es\/casa-de-cultura-cs\/","title":{"rendered":"Casa de Cultura"},"content":{"rendered":"<p>[et_pb_section fb_built=\u00bb1&#8243; _builder_version=\u00bb4.16&#8243; _module_preset=\u00bbdefault\u00bb custom_margin=\u00bb0px||||false|false\u00bb custom_padding=\u00bb0px||||false|false\u00bb global_colors_info=\u00bb{}\u00bb][et_pb_row column_structure=\u00bb1_4,3_4&#8243; _builder_version=\u00bb4.16&#8243; _module_preset=\u00bbdefault\u00bb custom_margin=\u00bb0px||||false|false\u00bb custom_padding=\u00bb0px||||false|false\u00bb global_colors_info=\u00bb{}\u00bb][et_pb_column type=\u00bb1_4&#8243; _builder_version=\u00bb4.16&#8243; _module_preset=\u00bbdefault\u00bb global_colors_info=\u00bb{}\u00bb][et_pb_image src=\u00bbhttps:\/\/museros.org\/wp-content\/uploads\/2021\/08\/logo-casacultura-200&#215;160-1.jpg\u00bb title_text=\u00bblogo-casacultura-200&#215;160&#8243; url=\u00bbhttps:\/\/museros.org\/inici\/es\/area-cultura\u00bb use_overlay=\u00bbon\u00bb overlay_icon_color=\u00bbrgba(224,43,32,0.7)\u00bb hover_overlay_color=\u00bbrgba(255,255,255,0.5)\u00bb hover_icon=\u00bb&#xe04d;||divi||400&#8243; align=\u00bbcenter\u00bb _builder_version=\u00bb4.16&#8243; _module_preset=\u00bbdefault\u00bb custom_margin=\u00bb0px||||false|false\u00bb custom_padding=\u00bb0px||||false|false\u00bb global_colors_info=\u00bb{}\u00bb][\/et_pb_image][\/et_pb_column][et_pb_column type=\u00bb3_4&#8243; _builder_version=\u00bb4.16&#8243; _module_preset=\u00bbdefault\u00bb global_colors_info=\u00bb{}\u00bb][et_pb_image src=\u00bbhttps:\/\/museros.org\/wp-content\/uploads\/2021\/03\/casacultura-1080&#215;360-72-A.jpg\u00bb title_text=\u00bbcasacultura-1080&#215;360-72-A\u00bb _builder_version=\u00bb4.16&#8243; _module_preset=\u00bbdefault\u00bb global_colors_info=\u00bb{}\u00bb][\/et_pb_image][et_pb_text _builder_version=\u00bb4.24.0&#8243; _module_preset=\u00bbdefault\u00bb custom_padding=\u00bb|||0px||\u00bb global_colors_info=\u00bb{}\u00bb]<\/p>\n<h2>M\u00e1s de treinta a\u00f1os en la \u00f3rbita cultural<\/h2>\n<p>Avinguda del Pa\u00eds Valenci\u00e0, 17<br \/>Tel\u00e9fono: 961 444 835<br \/>E-mail:<br \/><a href=\"mailto:casadecultura@museros.es\">casadecultura@museros.es<\/a><\/p>\n<p>Horarios de atenci\u00f3n al p\u00fablico:<\/p>\n<p>DE LUNES A JUEVES<br \/>Ma\u00f1anas. De 09.30 h a 12.30 h.<br \/>Tardes: De 17.00 h a 20.30 h.<\/p>\n<p>VIERNES<br \/>Ma\u00f1anas. De 09.30 h a 12.30 h.<br \/>Excepto el \u00faltimo viernes de cada mes, que estar\u00e1 cerrado.<\/p>\n<p>[\/et_pb_text][et_pb_button button_url=\u00bbhttps:\/\/www.agendamuseros.com\/INICIO.html\u00bb url_new_window=\u00bbon\u00bb button_text=\u00bbAgenda actividades y entradas Casa de Cultura\u00bb _builder_version=\u00bb4.27.6&#8243; _module_preset=\u00bbdefault\u00bb global_colors_info=\u00bb{}\u00bb][\/et_pb_button][et_pb_divider color=\u00bb#999999&#8243; divider_style=\u00bbdotted\u00bb divider_weight=\u00bb7px\u00bb _builder_version=\u00bb4.17.6&#8243; _module_preset=\u00bbdefault\u00bb custom_margin=\u00bb40px||0px||false|false\u00bb custom_padding=\u00bb||0px||false|false\u00bb global_colors_info=\u00bb{}\u00bb][\/et_pb_divider][\/et_pb_column][\/et_pb_row][et_pb_row column_structure=\u00bb3_4,1_4&#8243; _builder_version=\u00bb4.27.4&#8243; _module_preset=\u00bbdefault\u00bb custom_margin=\u00bb0px||0px||false|false\u00bb custom_padding=\u00bb0px||0px||false|false\u00bb global_colors_info=\u00bb{}\u00bb][et_pb_column type=\u00bb3_4&#8243; _builder_version=\u00bb4.16&#8243; _module_preset=\u00bbdefault\u00bb global_colors_info=\u00bb{}\u00bb][et_pb_image src=\u00bbhttps:\/\/museros.org\/wp-content\/uploads\/2025\/06\/cursos-municipales-1080-casacultura.jpg\u00bb title_text=\u00bbcursos-municipales-1080-casacultura\u00bb url=\u00bbhttps:\/\/museros.org\/inici\/es\/cursos-municipales-25-26\/\u00bb src_tablet=\u00bbhttps:\/\/museros.org\/wp-content\/uploads\/2024\/06\/cursos-24-25-600.jpg\u00bb src_phone=\u00bbhttps:\/\/museros.org\/wp-content\/uploads\/2024\/06\/cursos-24-25-600.jpg\u00bb src_last_edited=\u00bbon|desktop\u00bb _builder_version=\u00bb4.27.4&#8243; _module_preset=\u00bbdefault\u00bb custom_margin=\u00bb50px||||false|false\u00bb locked=\u00bboff\u00bb global_colors_info=\u00bb{}\u00bb][\/et_pb_image][\/et_pb_column][et_pb_column type=\u00bb1_4&#8243; _builder_version=\u00bb4.16&#8243; _module_preset=\u00bbdefault\u00bb global_colors_info=\u00bb{}\u00bb][et_pb_image src=\u00bbhttps:\/\/museros.org\/wp-content\/uploads\/2021\/09\/logo-creantdesde-230&#215;230-1.jpg\u00bb title_text=\u00bblogo-creantdesde-230&#215;230&#8243; url=\u00bbhttps:\/\/museros.org\/inici\/es\/creando-desde\/\u00bb use_overlay=\u00bbon\u00bb overlay_icon_color=\u00bb#E02B20&#8243; hover_overlay_color=\u00bbrgba(255,255,255,0.71)\u00bb hover_icon=\u00bb&#xe04e;||divi||400&#8243; _builder_version=\u00bb4.27.4&#8243; _module_preset=\u00bbdefault\u00bb custom_margin=\u00bb0px||0px||false|false\u00bb custom_padding=\u00bb0px||0px||false|false\u00bb locked=\u00bboff\u00bb global_colors_info=\u00bb{}\u00bb][\/et_pb_image][\/et_pb_column][\/et_pb_row][et_pb_row _builder_version=\u00bb4.16&#8243; _module_preset=\u00bbdefault\u00bb global_colors_info=\u00bb{}\u00bb][et_pb_column type=\u00bb4_4&#8243; _builder_version=\u00bb4.16&#8243; _module_preset=\u00bbdefault\u00bb global_colors_info=\u00bb{}\u00bb][et_pb_divider color=\u00bb#E02B20&#8243; divider_weight=\u00bb4px\u00bb _builder_version=\u00bb4.16&#8243; _module_preset=\u00bbdefault\u00bb custom_margin=\u00bb||33px||false|false\u00bb global_colors_info=\u00bb{}\u00bb][\/et_pb_divider][\/et_pb_column][\/et_pb_row][\/et_pb_section]<\/p>\n","protected":false},"excerpt":{"rendered":"<p>M\u00e1s de treinta a\u00f1os en la \u00f3rbita cultural Avinguda del Pa\u00eds Valenci\u00e0, 17Tel\u00e9fono: 961 444 835E-mail:casadecultura@museros.es Horarios de atenci\u00f3n al p\u00fablico: DE LUNES A JUEVESMa\u00f1anas. De 09.30 h a 12.30 h.Tardes: De 17.00 h a 20.30 h. VIERNESMa\u00f1anas. De 09.30 h a 12.30 h.Excepto el \u00faltimo viernes de cada mes, que estar\u00e1 cerrado.<\/p>\n","protected":false},"author":8,"featured_media":0,"parent":0,"menu_order":0,"comment_status":"closed","ping_status":"closed","template":"","meta":{"_et_pb_use_builder":"on","_et_pb_old_content":"","_et_gb_content_width":"","_mc_calendar":[],"footnotes":""},"wf_page_folders":[382],"class_list":["post-241012","page","type-page","status-publish","hentry"],"_links":{"self":[{"href":"https:\/\/museros.org\/inici\/wp-json\/wp\/v2\/pages\/241012","targetHints":{"allow":["GET"]}}],"collection":[{"href":"https:\/\/museros.org\/inici\/wp-json\/wp\/v2\/pages"}],"about":[{"href":"https:\/\/museros.org\/inici\/wp-json\/wp\/v2\/types\/page"}],"author":[{"embeddable":true,"href":"https:\/\/museros.org\/inici\/wp-json\/wp\/v2\/users\/8"}],"replies":[{"embeddable":true,"href":"https:\/\/museros.org\/inici\/wp-json\/wp\/v2\/comments?post=241012"}],"version-history":[{"count":85,"href":"https:\/\/museros.org\/inici\/wp-json\/wp\/v2\/pages\/241012\/revisions"}],"predecessor-version":[{"id":279566,"href":"https:\/\/museros.org\/inici\/wp-json\/wp\/v2\/pages\/241012\/revisions\/279566"}],"wp:attachment":[{"href":"https:\/\/museros.org\/inici\/wp-json\/wp\/v2\/media?parent=241012"}],"wp:term":[{"taxonomy":"wf_page_folders","embeddable":true,"href":"https:\/\/museros.org\/inici\/wp-json\/wp\/v2\/wf_page_folders?post=241012"}],"curies":[{"name":"wp","href":"https:\/\/api.w.org\/{rel}","templated":true}]}}