{"id":240928,"date":"2021-03-10T00:05:57","date_gmt":"2021-03-10T00:05:57","guid":{"rendered":"https:\/\/museros.org\/?page_id=240928"},"modified":"2025-04-27T09:37:00","modified_gmt":"2025-04-27T09:37:00","slug":"otam-on-line","status":"publish","type":"page","link":"https:\/\/museros.org\/inici\/es\/otam-on-line\/","title":{"rendered":"OTAM on line"},"content":{"rendered":"<p>[et_pb_section fb_built=\u00bb1&#8243; _builder_version=\u00bb4.16&#8243; _module_preset=\u00bbdefault\u00bb custom_padding=\u00bb0px||||false|false\u00bb locked=\u00bboff\u00bb global_colors_info=\u00bb{}\u00bb][et_pb_row _builder_version=\u00bb4.16&#8243; _module_preset=\u00bbdefault\u00bb custom_padding=\u00bb0px||||false|false\u00bb global_colors_info=\u00bb{}\u00bb][et_pb_column type=\u00bb4_4&#8243; _builder_version=\u00bb4.16&#8243; _module_preset=\u00bbdefault\u00bb global_colors_info=\u00bb{}\u00bb][et_pb_image src=\u00bbhttps:\/\/museros.org\/wp-content\/uploads\/2021\/08\/cabecera-otam-1.jpg\u00bb title_text=\u00bbcabecera-otam\u00bb _builder_version=\u00bb4.16&#8243; _module_preset=\u00bbdefault\u00bb global_colors_info=\u00bb{}\u00bb][\/et_pb_image][\/et_pb_column][\/et_pb_row][et_pb_row column_structure=\u00bb1_2,1_2&#8243; _builder_version=\u00bb4.16&#8243; _module_preset=\u00bbdefault\u00bb global_colors_info=\u00bb{}\u00bb][et_pb_column type=\u00bb1_2&#8243; _builder_version=\u00bb4.16&#8243; _module_preset=\u00bbdefault\u00bb global_colors_info=\u00bb{}\u00bb][et_pb_blurb title=\u00bbGestiones on-line\u00bb image=\u00bbhttps:\/\/museros.org\/wp-content\/uploads\/2020\/12\/gestiones.jpg\u00bb _builder_version=\u00bb4.21.0&#8243; _module_preset=\u00bbdefault\u00bb header_level=\u00bbh2&#8243; header_text_color=\u00bb#0094ff\u00bb width=\u00bb90%\u00bb custom_margin=\u00bb0px||||false|false\u00bb global_colors_info=\u00bb{}\u00bb]<\/p>\n<p>Podr\u00e1 realizar algunas gestiones sin identificaci\u00f3n mediante certificado digital, clicando en \u00abtr\u00e1mites sin certificado\u00bb. No obstante la mayor\u00eda de gestiones requieren tener instalado en su ordenador un certificado digital emitido por la FNMT o por la ACCV. Una vez identificado se le informar\u00e1 sobre el uso y la configuraci\u00f3n que le ayudar\u00e1n al correcto funcionamiento en su navegador.<\/p>\n<p>[\/et_pb_blurb][et_pb_image src=\u00bbhttps:\/\/museros.org\/wp-content\/uploads\/2020\/12\/gestiones.png\u00bb title_text=\u00bbgestiones\u00bb url=\u00bbhttps:\/\/ayuntamientomuseros.tributoslocales.es\/461775\/AMUSEROS\u00bb url_new_window=\u00bbon\u00bb use_overlay=\u00bbon\u00bb overlay_icon_color=\u00bbrgba(12,113,195,0.7)\u00bb hover_overlay_color=\u00bbrgba(255,255,255,0.5)\u00bb hover_icon=\u00bb&#xe04e;||divi||400&#8243; src_tablet=\u00bbhttps:\/\/museros.org\/wp-content\/uploads\/2020\/12\/gestiones.png\u00bb src_phone=\u00bbhttps:\/\/museros.org\/wp-content\/uploads\/2020\/12\/gestiones.png\u00bb src_last_edited=\u00bbon|desktop\u00bb _builder_version=\u00bb4.18.0&#8243; _module_preset=\u00bbdefault\u00bb width=\u00bb50%\u00bb width_tablet=\u00bb40%\u00bb width_phone=\u00bb70%\u00bb width_last_edited=\u00bbon|desktop\u00bb custom_margin=\u00bb50px||||false|false\u00bb global_colors_info=\u00bb{}\u00bb src__hover_enabled=\u00bbon|desktop\u00bb src__hover=\u00bb\u00bb][\/et_pb_image][\/et_pb_column][et_pb_column type=\u00bb1_2&#8243; _builder_version=\u00bb4.16&#8243; _module_preset=\u00bbdefault\u00bb global_colors_info=\u00bb{}\u00bb][et_pb_blurb title=\u00bbAbonos y cursos piscina\u00bb image=\u00bbhttps:\/\/museros.org\/wp-content\/uploads\/2020\/12\/piscinamuseros.jpg\u00bb _builder_version=\u00bb4.27.4&#8243; _module_preset=\u00bbdefault\u00bb header_level=\u00bbh2&#8243; header_text_color=\u00bb#0094ff\u00bb width=\u00bb90%\u00bb module_alignment=\u00bbright\u00bb custom_margin=\u00bb0px||||false|false\u00bb locked=\u00bboff\u00bb global_colors_info=\u00bb{}\u00bb]<\/p>\n<p>Pod\u00e9is hacer el pago de los abonos y los cursos de la piscina municipal desde el m\u00f3vil o desde cualquier ordenador, de manera telem\u00e1tica.<\/p>\n<p>[\/et_pb_blurb][et_pb_image src=\u00bbhttps:\/\/museros.org\/wp-content\/uploads\/2020\/12\/pagoabonos.png\u00bb title_text=\u00bbpagoabonos\u00bb url=\u00bbhttps:\/\/ayuntamientomuseros.tributoslocales.es\/461775\/AMUSEROS\u00bb url_new_window=\u00bbon\u00bb use_overlay=\u00bbon\u00bb overlay_icon_color=\u00bbrgba(12,113,195,0.7)\u00bb hover_overlay_color=\u00bbrgba(255,255,255,0.5)\u00bb hover_icon=\u00bb&#xe04e;||divi||400&#8243; align=\u00bbright\u00bb src_tablet=\u00bbhttps:\/\/museros.org\/wp-content\/uploads\/2020\/12\/pagosin.png\u00bb src_phone=\u00bbhttps:\/\/museros.org\/wp-content\/uploads\/2020\/12\/pagosin.png\u00bb src_last_edited=\u00bbon|desktop\u00bb _builder_version=\u00bb4.27.4&#8243; _module_preset=\u00bbdefault\u00bb width=\u00bb50%\u00bb width_tablet=\u00bb40%\u00bb width_phone=\u00bb70%\u00bb width_last_edited=\u00bbon|desktop\u00bb custom_margin=\u00bb40px||||false|false\u00bb locked=\u00bboff\u00bb global_colors_info=\u00bb{}\u00bb src__hover_enabled=\u00bbon|desktop\u00bb src__hover=\u00bb\u00bb][\/et_pb_image][\/et_pb_column][\/et_pb_row][et_pb_row column_structure=\u00bb1_2,1_2&#8243; _builder_version=\u00bb4.21.0&#8243; _module_preset=\u00bbdefault\u00bb global_colors_info=\u00bb{}\u00bb][et_pb_column type=\u00bb1_2&#8243; _builder_version=\u00bb4.21.0&#8243; _module_preset=\u00bbdefault\u00bb global_colors_info=\u00bb{}\u00bb][et_pb_blurb title=\u00bbTributos con certificado digital\u00bb image=\u00bbhttps:\/\/museros.org\/wp-content\/uploads\/2020\/12\/concertificado.jpg\u00bb _builder_version=\u00bb4.21.0&#8243; _module_preset=\u00bbdefault\u00bb header_level=\u00bbh2&#8243; header_text_color=\u00bb#0094ff\u00bb width=\u00bb91%\u00bb custom_margin=\u00bb0px||||false|false\u00bb global_colors_info=\u00bb{}\u00bb]<\/p>\n<p>Una vez dentro de la Oficina Tributaria Virtual podr\u00e1 seleccionar los recibos que desea pagar y efectuar el pago introduciendo los datos de su tarjeta bancaria.<\/p>\n<p>[\/et_pb_blurb][et_pb_image src=\u00bbhttps:\/\/museros.org\/wp-content\/uploads\/2020\/12\/pagocon.png\u00bb title_text=\u00bbpagocon\u00bb url=\u00bbhttps:\/\/certifica.gtt.es\/OficinaVirtual\/oficina.asp?servicio=AMUSEROS&#038;entidad=461775&#8243; url_new_window=\u00bbon\u00bb use_overlay=\u00bbon\u00bb overlay_icon_color=\u00bbrgba(12,113,195,0.7)\u00bb hover_overlay_color=\u00bbrgba(255,255,255,0.5)\u00bb hover_icon=\u00bb&#xe04e;||divi||400&#8243; src_tablet=\u00bbhttps:\/\/museros.org\/wp-content\/uploads\/2020\/12\/pagocon.png\u00bb src_phone=\u00bbhttps:\/\/museros.org\/wp-content\/uploads\/2020\/12\/pagocon.png\u00bb src_last_edited=\u00bbon|desktop\u00bb _builder_version=\u00bb4.16&#8243; _module_preset=\u00bbdefault\u00bb width=\u00bb50%\u00bb width_tablet=\u00bb40%\u00bb width_phone=\u00bb70%\u00bb width_last_edited=\u00bbon|desktop\u00bb custom_margin=\u00bb50px||||false|false\u00bb global_colors_info=\u00bb{}\u00bb src__hover_enabled=\u00bbon|desktop\u00bb src__hover=\u00bb\u00bb][\/et_pb_image][\/et_pb_column][et_pb_column type=\u00bb1_2&#8243; _builder_version=\u00bb4.21.0&#8243; _module_preset=\u00bbdefault\u00bb global_colors_info=\u00bb{}\u00bb][et_pb_blurb title=\u00bbTributos sin certificado digital\u00bb image=\u00bbhttps:\/\/museros.org\/wp-content\/uploads\/2020\/12\/sincertificado.jpg\u00bb _builder_version=\u00bb4.21.0&#8243; _module_preset=\u00bbdefault\u00bb header_level=\u00bbh2&#8243; header_text_color=\u00bb#0094ff\u00bb width=\u00bb90%\u00bb module_alignment=\u00bbright\u00bb custom_margin=\u00bb0px||||false|false\u00bb global_colors_info=\u00bb{}\u00bb]<\/p>\n<p>Mediante pago con tarjeta de cr\u00e9dito o d\u00e9bito de cualquier entidad bancaria clicando en el siguiente enlace. Para utilizar esta opci\u00f3n deber\u00e1 tener delante una copia del recibo o liquidaci\u00f3n que desee abonar.<\/p>\n<p>[\/et_pb_blurb][et_pb_image src=\u00bbhttps:\/\/museros.org\/wp-content\/uploads\/2020\/12\/pagosin.png\u00bb title_text=\u00bbpagosin\u00bb url=\u00bbhttps:\/\/www.caixabank.es\/particular\/pagos\/impuestosrecibosmatriculas_es.html\u00bb url_new_window=\u00bbon\u00bb use_overlay=\u00bbon\u00bb overlay_icon_color=\u00bbrgba(12,113,195,0.7)\u00bb hover_overlay_color=\u00bbrgba(255,255,255,0.5)\u00bb hover_icon=\u00bb&#xe04e;||divi||400&#8243; align=\u00bbright\u00bb src_tablet=\u00bbhttps:\/\/museros.org\/wp-content\/uploads\/2020\/12\/pagosin.png\u00bb src_phone=\u00bbhttps:\/\/museros.org\/wp-content\/uploads\/2020\/12\/pagosin.png\u00bb src_last_edited=\u00bbon|desktop\u00bb _builder_version=\u00bb4.16&#8243; _module_preset=\u00bbdefault\u00bb width=\u00bb50%\u00bb width_tablet=\u00bb40%\u00bb width_phone=\u00bb70%\u00bb width_last_edited=\u00bbon|desktop\u00bb custom_margin=\u00bb40px||||false|false\u00bb global_colors_info=\u00bb{}\u00bb src__hover_enabled=\u00bbon|desktop\u00bb src__hover=\u00bb\u00bb][\/et_pb_image][\/et_pb_column][\/et_pb_row][et_pb_row _builder_version=\u00bb4.16&#8243; _module_preset=\u00bbdefault\u00bb custom_margin=\u00bb25px||-25px||false|false\u00bb custom_padding=\u00bb0px||0px||false|false\u00bb global_colors_info=\u00bb{}\u00bb][et_pb_column type=\u00bb4_4&#8243; _builder_version=\u00bb4.16&#8243; _module_preset=\u00bbdefault\u00bb global_colors_info=\u00bb{}\u00bb][et_pb_divider color=\u00bb#0C71C3&#8243; divider_style=\u00bbdotted\u00bb divider_weight=\u00bb7px\u00bb _builder_version=\u00bb4.16&#8243; _module_preset=\u00bbdefault\u00bb width=\u00bb100%\u00bb module_alignment=\u00bbright\u00bb custom_margin=\u00bb0px||20px||false|false\u00bb custom_padding=\u00bb0px||0px||false|false\u00bb locked=\u00bboff\u00bb global_colors_info=\u00bb{}\u00bb][\/et_pb_divider][\/et_pb_column][\/et_pb_row][et_pb_row _builder_version=\u00bb4.16&#8243; _module_preset=\u00bbdefault\u00bb custom_margin=\u00bb15px||-40px||false|false\u00bb global_colors_info=\u00bb{}\u00bb][et_pb_column type=\u00bb4_4&#8243; _builder_version=\u00bb4.16&#8243; _module_preset=\u00bbdefault\u00bb global_colors_info=\u00bb{}\u00bb][et_pb_text _builder_version=\u00bb4.16&#8243; _module_preset=\u00bbdefault\u00bb text_text_color=\u00bb#0094ff\u00bb header_text_color=\u00bb#0094ff\u00bb header_2_text_color=\u00bb#0094ff\u00bb global_colors_info=\u00bb{}\u00bb]<\/p>\n<h3><span style=\"color: #3366ff;\">Informaci\u00f3n \u00fatil<\/span><\/h3>\n<p>[\/et_pb_text][\/et_pb_column][\/et_pb_row][et_pb_row column_structure=\u00bb1_6,1_6,1_6,1_6,1_6,1_6&#8243; _builder_version=\u00bb4.16&#8243; _module_preset=\u00bbdefault\u00bb custom_padding=\u00bb0px||0px||false|false\u00bb global_colors_info=\u00bb{}\u00bb][et_pb_column type=\u00bb1_6&#8243; _builder_version=\u00bb4.16&#8243; _module_preset=\u00bbdefault\u00bb global_colors_info=\u00bb{}\u00bb][et_pb_image src=\u00bbhttps:\/\/museros.org\/wp-content\/uploads\/2021\/08\/logo-plamuseros-200&#215;160-1.jpg\u00bb title_text=\u00bblogo-plamuseros-200&#215;160&#8243; url=\u00bbhttps:\/\/www.museros.org\/inici\/es\/plan-museros-plus\/\u00bb use_overlay=\u00bbon\u00bb overlay_icon_color=\u00bbrgba(12,113,195,0.71)\u00bb hover_overlay_color=\u00bbrgba(255,255,255,0.5)\u00bb hover_icon=\u00bb&#xe04e;||divi||400&#8243; align=\u00bbcenter\u00bb src_tablet=\u00bbhttps:\/\/museros.org\/wp-content\/uploads\/2020\/12\/plan-museros-plus-410.png\u00bb src_phone=\u00bbhttps:\/\/museros.org\/wp-content\/uploads\/2020\/12\/plan-museros-plus-410.png\u00bb src_last_edited=\u00bbon|desktop\u00bb _builder_version=\u00bb4.16&#8243; _module_preset=\u00bbdefault\u00bb width=\u00bb100%\u00bb width_tablet=\u00bb\u00bb width_phone=\u00bb60%\u00bb width_last_edited=\u00bbon|desktop\u00bb global_colors_info=\u00bb{}\u00bb src__hover_enabled=\u00bbon|desktop\u00bb src__hover=\u00bb\u00bb][\/et_pb_image][\/et_pb_column][et_pb_column type=\u00bb1_6&#8243; _builder_version=\u00bb4.16&#8243; _module_preset=\u00bbdefault\u00bb global_colors_info=\u00bb{}\u00bb][et_pb_image src=\u00bbhttps:\/\/museros.org\/wp-content\/uploads\/2021\/08\/logo-calendariofis-200&#215;160-1.jpg\u00bb title_text=\u00bblogo-calendariofis-200&#215;160&#8243; url=\u00bbhttps:\/\/www.museros.org\/inici\/es\/calendario-fiscal\/\u00bb use_overlay=\u00bbon\u00bb overlay_icon_color=\u00bbrgba(12,113,195,0.69)\u00bb hover_overlay_color=\u00bbrgba(255,255,255,0.5)\u00bb hover_icon=\u00bb&#xe04e;||divi||400&#8243; align=\u00bbcenter\u00bb src_tablet=\u00bbhttps:\/\/museros.org\/wp-content\/uploads\/2020\/12\/calendario-fiscal-410.png\u00bb src_phone=\u00bbhttps:\/\/museros.org\/wp-content\/uploads\/2020\/12\/calendario-fiscal-410.png\u00bb src_last_edited=\u00bbon|desktop\u00bb _builder_version=\u00bb4.16&#8243; _module_preset=\u00bbdefault\u00bb width=\u00bb100%\u00bb width_tablet=\u00bb\u00bb width_phone=\u00bb60%\u00bb width_last_edited=\u00bbon|phone\u00bb global_colors_info=\u00bb{}\u00bb src__hover_enabled=\u00bbon|desktop\u00bb src__hover=\u00bb\u00bb][\/et_pb_image][\/et_pb_column][et_pb_column type=\u00bb1_6&#8243; _builder_version=\u00bb4.16&#8243; _module_preset=\u00bbdefault\u00bb global_colors_info=\u00bb{}\u00bb][et_pb_image src=\u00bbhttps:\/\/museros.org\/wp-content\/uploads\/2021\/08\/logo-famnumerosa-200&#215;160-1.jpg\u00bb title_text=\u00bblogo-famnumerosa-200&#215;160&#8243; url=\u00bbhttps:\/\/www.museros.org\/inici\/es\/familia-numerosa\/\u00bb use_overlay=\u00bbon\u00bb overlay_icon_color=\u00bbrgba(12,113,195,0.7)\u00bb hover_overlay_color=\u00bbrgba(255,255,255,0.5)\u00bb hover_icon=\u00bb&#xe04e;||divi||400&#8243; align=\u00bbcenter\u00bb src_tablet=\u00bbhttps:\/\/museros.org\/wp-content\/uploads\/2020\/12\/familia-numerosa-410.png\u00bb src_phone=\u00bbhttps:\/\/museros.org\/wp-content\/uploads\/2020\/12\/familia-numerosa-410.png\u00bb src_last_edited=\u00bbon|desktop\u00bb _builder_version=\u00bb4.16&#8243; _module_preset=\u00bbdefault\u00bb width=\u00bb100%\u00bb width_tablet=\u00bb\u00bb width_phone=\u00bb60%\u00bb width_last_edited=\u00bbon|desktop\u00bb global_colors_info=\u00bb{}\u00bb src__hover_enabled=\u00bbon|desktop\u00bb src__hover=\u00bb\u00bb][\/et_pb_image][\/et_pb_column][et_pb_column type=\u00bb1_6&#8243; _builder_version=\u00bb4.16&#8243; _module_preset=\u00bbdefault\u00bb global_colors_info=\u00bb{}\u00bb][et_pb_image src=\u00bbhttps:\/\/museros.org\/wp-content\/uploads\/2021\/08\/logo-domiciliacion-200&#215;160-1.jpg\u00bb title_text=\u00bblogo-domiciliacion-200&#215;160&#8243; url=\u00bbhttps:\/\/www.museros.org\/inici\/es\/domiciliacion\/\u00bb use_overlay=\u00bbon\u00bb overlay_icon_color=\u00bbrgba(12,113,195,0.71)\u00bb hover_overlay_color=\u00bbrgba(255,255,255,0.5)\u00bb hover_icon=\u00bb&#xe04e;||divi||400&#8243; align=\u00bbcenter\u00bb src_tablet=\u00bbhttps:\/\/museros.org\/wp-content\/uploads\/2020\/12\/domiciliacion410.png\u00bb src_phone=\u00bbhttps:\/\/museros.org\/wp-content\/uploads\/2020\/12\/domiciliacion410.png\u00bb src_last_edited=\u00bbon|desktop\u00bb _builder_version=\u00bb4.16&#8243; _module_preset=\u00bbdefault\u00bb width_tablet=\u00bb\u00bb width_phone=\u00bb60%\u00bb width_last_edited=\u00bbon|phone\u00bb global_colors_info=\u00bb{}\u00bb src__hover_enabled=\u00bbon|desktop\u00bb src__hover=\u00bb\u00bb][\/et_pb_image][\/et_pb_column][et_pb_column type=\u00bb1_6&#8243; _builder_version=\u00bb4.16&#8243; _module_preset=\u00bbdefault\u00bb global_colors_info=\u00bb{}\u00bb][et_pb_image src=\u00bbhttps:\/\/museros.org\/wp-content\/uploads\/2021\/08\/logo-altavados-200&#215;160-1.jpg\u00bb title_text=\u00bblogo-altavados-200&#215;160&#8243; url=\u00bbhttps:\/\/www.museros.org\/inici\/es\/alta-vados\/\u00bb use_overlay=\u00bbon\u00bb overlay_icon_color=\u00bbrgba(12,113,195,0.7)\u00bb hover_overlay_color=\u00bbrgba(255,255,255,0.49)\u00bb hover_icon=\u00bb&#xe04e;||divi||400&#8243; align=\u00bbcenter\u00bb _builder_version=\u00bb4.16&#8243; _module_preset=\u00bbdefault\u00bb width_tablet=\u00bb\u00bb width_phone=\u00bb60%\u00bb width_last_edited=\u00bbon|phone\u00bb global_colors_info=\u00bb{}\u00bb src__hover_enabled=\u00bbon|desktop\u00bb src__hover=\u00bb\u00bb][\/et_pb_image][\/et_pb_column][et_pb_column type=\u00bb1_6&#8243; _builder_version=\u00bb4.16&#8243; _module_preset=\u00bbdefault\u00bb global_colors_info=\u00bb{}\u00bb][et_pb_image src=\u00bbhttps:\/\/museros.org\/wp-content\/uploads\/2021\/08\/logo-subastas-200&#215;160-1.jpg\u00bb title_text=\u00bblogo-subastas-200&#215;160&#8243; url=\u00bbhttps:\/\/www.museros.org\/inici\/es\/subastas\/\u00bb use_overlay=\u00bbon\u00bb overlay_icon_color=\u00bbrgba(12,113,195,0.7)\u00bb hover_overlay_color=\u00bbrgba(255,255,255,0.5)\u00bb hover_icon=\u00bb&#xe04e;||divi||400&#8243; align=\u00bbcenter\u00bb src_tablet=\u00bb\u00bb src_phone=\u00bb\u00bb src_last_edited=\u00bbon|desktop\u00bb _builder_version=\u00bb4.16&#8243; _module_preset=\u00bbdefault\u00bb width_tablet=\u00bb\u00bb width_phone=\u00bb60%\u00bb width_last_edited=\u00bbon|phone\u00bb global_colors_info=\u00bb{}\u00bb src__hover_enabled=\u00bbon|desktop\u00bb src__hover=\u00bb\u00bb][\/et_pb_image][\/et_pb_column][\/et_pb_row][et_pb_row _builder_version=\u00bb4.16&#8243; _module_preset=\u00bbdefault\u00bb custom_margin=\u00bb25px||-25px||false|false\u00bb custom_padding=\u00bb0px||0px||false|false\u00bb global_colors_info=\u00bb{}\u00bb][et_pb_column type=\u00bb4_4&#8243; _builder_version=\u00bb4.16&#8243; _module_preset=\u00bbdefault\u00bb global_colors_info=\u00bb{}\u00bb][et_pb_divider color=\u00bb#0099cc\u00bb divider_weight=\u00bb4px\u00bb _builder_version=\u00bb4.16&#8243; _module_preset=\u00bbdefault\u00bb width=\u00bb100%\u00bb module_alignment=\u00bbright\u00bb custom_margin=\u00bb0px||20px||false|false\u00bb custom_padding=\u00bb0px||0px||false|false\u00bb locked=\u00bboff\u00bb global_colors_info=\u00bb{}\u00bb][\/et_pb_divider][\/et_pb_column][\/et_pb_row][\/et_pb_section]<\/p>\n","protected":false},"excerpt":{"rendered":"<p>Podr\u00e1 realizar algunas gestiones sin identificaci\u00f3n mediante certificado digital, clicando en \u00abtr\u00e1mites sin certificado\u00bb. No obstante la mayor\u00eda de gestiones requieren tener instalado en su ordenador un certificado digital emitido por la FNMT o por la ACCV. Una vez identificado se le informar\u00e1 sobre el uso y la configuraci\u00f3n que le ayudar\u00e1n al correcto funcionamiento [&hellip;]<\/p>\n","protected":false},"author":8,"featured_media":0,"parent":0,"menu_order":0,"comment_status":"closed","ping_status":"closed","template":"","meta":{"_et_pb_use_builder":"on","_et_pb_old_content":"","_et_gb_content_width":"","_mc_calendar":[],"footnotes":""},"wf_page_folders":[155],"class_list":["post-240928","page","type-page","status-publish","hentry"],"_links":{"self":[{"href":"https:\/\/museros.org\/inici\/wp-json\/wp\/v2\/pages\/240928","targetHints":{"allow":["GET"]}}],"collection":[{"href":"https:\/\/museros.org\/inici\/wp-json\/wp\/v2\/pages"}],"about":[{"href":"https:\/\/museros.org\/inici\/wp-json\/wp\/v2\/types\/page"}],"author":[{"embeddable":true,"href":"https:\/\/museros.org\/inici\/wp-json\/wp\/v2\/users\/8"}],"replies":[{"embeddable":true,"href":"https:\/\/museros.org\/inici\/wp-json\/wp\/v2\/comments?post=240928"}],"version-history":[{"count":30,"href":"https:\/\/museros.org\/inici\/wp-json\/wp\/v2\/pages\/240928\/revisions"}],"predecessor-version":[{"id":273906,"href":"https:\/\/museros.org\/inici\/wp-json\/wp\/v2\/pages\/240928\/revisions\/273906"}],"wp:attachment":[{"href":"https:\/\/museros.org\/inici\/wp-json\/wp\/v2\/media?parent=240928"}],"wp:term":[{"taxonomy":"wf_page_folders","embeddable":true,"href":"https:\/\/museros.org\/inici\/wp-json\/wp\/v2\/wf_page_folders?post=240928"}],"curies":[{"name":"wp","href":"https:\/\/api.w.org\/{rel}","templated":true}]}}