{"id":239169,"date":"2020-12-08T15:35:19","date_gmt":"2020-12-08T15:35:19","guid":{"rendered":"https:\/\/www.museros.site\/pagina\/?page_id=239169"},"modified":"2021-12-12T12:27:42","modified_gmt":"2021-12-12T12:27:42","slug":"joan-trochut","status":"publish","type":"page","link":"https:\/\/museros.org\/inici\/es\/joan-trochut\/","title":{"rendered":"Joan Trochut"},"content":{"rendered":"<p>[et_pb_section fb_built=\u00bb1&#8243; _builder_version=\u00bb4.10.4&#8243; custom_padding=\u00bb0px||||false|false\u00bb locked=\u00bboff\u00bb global_colors_info=\u00bb{}\u00bb][et_pb_row column_structure=\u00bb1_4,3_4&#8243; _builder_version=\u00bb4.10.4&#8243; custom_padding=\u00bb0px||||false|false\u00bb global_colors_info=\u00bb{}\u00bb][et_pb_column type=\u00bb1_4&#8243; _builder_version=\u00bb4.4.6&#8243; global_colors_info=\u00bb{}\u00bb][et_pb_image src=\u00bbhttps:\/\/museros.org\/wp-content\/uploads\/2020\/12\/joantrochut.jpg\u00bb alt=\u00bbRetrat de Joan Trochut\u00bb title_text=\u00bbjoantrochut\u00bb _builder_version=\u00bb4.9.1&#8243; global_colors_info=\u00bb{}\u00bb][\/et_pb_image][\/et_pb_column][et_pb_column type=\u00bb3_4&#8243; _builder_version=\u00bb4.4.6&#8243; global_colors_info=\u00bb{}\u00bb][et_pb_text _builder_version=\u00bb4.10.2&#8243; global_colors_info=\u00bb{}\u00bb]<\/p>\n<h2><span style=\"color: #7d79af;\"><em>S\u00faper-Veloz<\/em><\/span><\/h2>\n<p>Joan Trochut Blanchard (1920 \u2013 1980) Considerado figura clave en el campo de las artes gr\u00e1ficas espa\u00f1olas del siglo XX.<br \/>Entre otras innovaciones en el mundo de la tipograf\u00eda cre\u00f3 el sistema de tipo <em>S\u00faper-Veloz<\/em>.<br \/>Producido originalmente en plomo, en 1942, por la <em>Fundici\u00f3n Tipografica Iranzo<\/em>, el tipo <em>S\u00faper-Veloz<\/em> era una colecci\u00f3n de piezas m\u00f3viles, combinables entre si, que constitu\u00edan un completo sistema modular.<br \/>La versatilidad de este sistema permiti\u00f3 a los impresores desarrollar alfabetos, dise\u00f1ar logotipos y marcas comerciales \u2014e incluso crear ilustraciones\u2014 sin las limitaciones propias de los tipos de plomo y a unos costes de acuerdo con sus modestas econom\u00edas.<\/p>\n<p>[\/et_pb_text][\/et_pb_column][\/et_pb_row][et_pb_row _builder_version=\u00bb4.4.6&#8243; global_colors_info=\u00bb{}\u00bb][et_pb_column type=\u00bb4_4&#8243; _builder_version=\u00bb4.4.6&#8243; global_colors_info=\u00bb{}\u00bb][et_pb_image src=\u00bbhttps:\/\/museros.org\/wp-content\/uploads\/2020\/12\/modular03.jpg\u00bb alt=\u00bbTipus de plom\u00bb title_text=\u00bbmodular03&#8243; align=\u00bbright\u00bb _builder_version=\u00bb4.9.1&#8243; max_width=\u00bb73%\u00bb max_width_tablet=\u00bb100%\u00bb max_width_phone=\u00bb\u00bb max_width_last_edited=\u00bbon|phone\u00bb module_alignment=\u00bbright\u00bb global_colors_info=\u00bb{}\u00bb][\/et_pb_image][et_pb_image src=\u00bbhttps:\/\/museros.org\/wp-content\/uploads\/2020\/12\/albara-03.jpg\u00bb alt=\u00bbModel d&#8217;albar\u00e0\u00bb title_text=\u00bbalbara-03&#8243; align=\u00bbright\u00bb _builder_version=\u00bb4.9.1&#8243; max_width=\u00bb73%\u00bb max_width_tablet=\u00bb\u00bb max_width_phone=\u00bb\u00bb max_width_last_edited=\u00bbon|desktop\u00bb module_alignment=\u00bbright\u00bb global_colors_info=\u00bb{}\u00bb][\/et_pb_image][et_pb_image src=\u00bbhttps:\/\/museros.org\/wp-content\/uploads\/2020\/12\/albara-01.jpg\u00bb alt=\u00bbModel d&#8217;albar\u00e0\u00bb title_text=\u00bbalbara-01&#8243; align=\u00bbright\u00bb _builder_version=\u00bb4.9.1&#8243; max_width=\u00bb73%\u00bb max_width_tablet=\u00bb\u00bb max_width_phone=\u00bb\u00bb max_width_last_edited=\u00bbon|desktop\u00bb module_alignment=\u00bbright\u00bb global_colors_info=\u00bb{}\u00bb][\/et_pb_image][\/et_pb_column][\/et_pb_row][et_pb_row column_structure=\u00bb1_4,3_4&#8243; _builder_version=\u00bb4.4.6&#8243; global_colors_info=\u00bb{}\u00bb][et_pb_column type=\u00bb1_4&#8243; _builder_version=\u00bb4.4.6&#8243; global_colors_info=\u00bb{}\u00bb][\/et_pb_column][et_pb_column type=\u00bb3_4&#8243; _builder_version=\u00bb4.4.6&#8243; global_colors_info=\u00bb{}\u00bb][et_pb_button button_url=\u00bbhttps:\/\/www.museros.org\/inici\/es\/cronica-del-encargo\u00bb button_text=\u00bbVolver atr\u00e1s\u00bb button_alignment=\u00bbleft\u00bb _builder_version=\u00bb4.14.2&#8243; custom_button=\u00bbon\u00bb button_bg_color=\u00bb#7d79af\u00bb button_bg_use_color_gradient=\u00bbon\u00bb button_bg_color_gradient_start=\u00bb#7d79af\u00bb button_bg_color_gradient_end=\u00bb#7d79af\u00bb button_border_color=\u00bb#7d79af\u00bb button_icon=\u00bb&#x34;||divi||400&#8243; button_icon_placement=\u00bbleft\u00bb animation_style=\u00bbfade\u00bb hover_enabled=\u00bb0&#8243; global_colors_info=\u00bb{}\u00bb sticky_enabled=\u00bb0&#8243;][\/et_pb_button][\/et_pb_column][\/et_pb_row][et_pb_row _builder_version=\u00bb4.4.6&#8243; global_colors_info=\u00bb{}\u00bb][et_pb_column type=\u00bb4_4&#8243; _builder_version=\u00bb4.4.6&#8243; global_colors_info=\u00bb{}\u00bb][et_pb_divider color=\u00bb#7d79af\u00bb divider_weight=\u00bb3px\u00bb _builder_version=\u00bb4.6.6&#8243; global_colors_info=\u00bb{}\u00bb][\/et_pb_divider][\/et_pb_column][\/et_pb_row][\/et_pb_section]<\/p>\n","protected":false},"excerpt":{"rendered":"<p>S\u00faper-Veloz Joan Trochut Blanchard (1920 \u2013 1980) Considerado figura clave en el campo de las artes gr\u00e1ficas espa\u00f1olas del siglo XX.Entre otras innovaciones en el mundo de la tipograf\u00eda cre\u00f3 el sistema de tipo S\u00faper-Veloz.Producido originalmente en plomo, en 1942, por la Fundici\u00f3n Tipografica Iranzo, el tipo S\u00faper-Veloz era una colecci\u00f3n de piezas m\u00f3viles, combinables [&hellip;]<\/p>\n","protected":false},"author":8,"featured_media":0,"parent":0,"menu_order":0,"comment_status":"closed","ping_status":"closed","template":"","meta":{"_et_pb_use_builder":"on","_et_pb_old_content":"","_et_gb_content_width":"","_mc_calendar":[],"footnotes":""},"wf_page_folders":[172],"class_list":["post-239169","page","type-page","status-publish","hentry"],"_links":{"self":[{"href":"https:\/\/museros.org\/inici\/wp-json\/wp\/v2\/pages\/239169","targetHints":{"allow":["GET"]}}],"collection":[{"href":"https:\/\/museros.org\/inici\/wp-json\/wp\/v2\/pages"}],"about":[{"href":"https:\/\/museros.org\/inici\/wp-json\/wp\/v2\/types\/page"}],"author":[{"embeddable":true,"href":"https:\/\/museros.org\/inici\/wp-json\/wp\/v2\/users\/8"}],"replies":[{"embeddable":true,"href":"https:\/\/museros.org\/inici\/wp-json\/wp\/v2\/comments?post=239169"}],"version-history":[{"count":6,"href":"https:\/\/museros.org\/inici\/wp-json\/wp\/v2\/pages\/239169\/revisions"}],"predecessor-version":[{"id":251216,"href":"https:\/\/museros.org\/inici\/wp-json\/wp\/v2\/pages\/239169\/revisions\/251216"}],"wp:attachment":[{"href":"https:\/\/museros.org\/inici\/wp-json\/wp\/v2\/media?parent=239169"}],"wp:term":[{"taxonomy":"wf_page_folders","embeddable":true,"href":"https:\/\/museros.org\/inici\/wp-json\/wp\/v2\/wf_page_folders?post=239169"}],"curies":[{"name":"wp","href":"https:\/\/api.w.org\/{rel}","templated":true}]}}