{"id":238827,"date":"2020-12-05T10:56:57","date_gmt":"2020-12-05T10:56:57","guid":{"rendered":"https:\/\/www.museros.site\/pagina\/?page_id=238827"},"modified":"2022-04-15T11:39:08","modified_gmt":"2022-04-15T11:39:08","slug":"alta-vados","status":"publish","type":"page","link":"https:\/\/museros.org\/inici\/es\/alta-vados\/","title":{"rendered":"Alta vados"},"content":{"rendered":"<p>[et_pb_section fb_built=\u00bb1&#8243; _builder_version=\u00bb4.16&#8243; _module_preset=\u00bbdefault\u00bb custom_padding=\u00bb0px||||false|false\u00bb global_colors_info=\u00bb{}\u00bb][et_pb_row column_structure=\u00bb1_4,3_4&#8243; _builder_version=\u00bb4.16&#8243; _module_preset=\u00bbdefault\u00bb custom_margin=\u00bb0px||0px||false|false\u00bb custom_padding=\u00bb0px||||false|false\u00bb locked=\u00bboff\u00bb global_colors_info=\u00bb{}\u00bb][et_pb_column type=\u00bb1_4&#8243; _builder_version=\u00bb4.16&#8243; _module_preset=\u00bbdefault\u00bb global_colors_info=\u00bb{}\u00bb][et_pb_image src=\u00bbhttps:\/\/museros.org\/wp-content\/uploads\/2021\/08\/logo-altavados-200&#215;160-1.jpg\u00bb title_text=\u00bblogo-altavados-200&#215;160&#8243; url=\u00bbhttps:\/\/museros.org\/inici\/es\/otam-on-line\u00bb use_overlay=\u00bbon\u00bb overlay_icon_color=\u00bb#0C71C3&#8243; hover_overlay_color=\u00bbrgba(255,255,255,0.7)\u00bb hover_icon=\u00bb&#xe04d;||divi||400&#8243; align=\u00bbcenter\u00bb src_tablet=\u00bbhttp:\/\/museros.org\/wp-content\/uploads\/2020\/12\/alta-vados-410.png\u00bb src_phone=\u00bbhttp:\/\/museros.org\/wp-content\/uploads\/2020\/12\/alta-vados-410.png\u00bb src_last_edited=\u00bbon|desktop\u00bb _builder_version=\u00bb4.16&#8243; _module_preset=\u00bbdefault\u00bb width=\u00bb100%\u00bb width_tablet=\u00bb40%\u00bb width_phone=\u00bb60%\u00bb width_last_edited=\u00bbon|phone\u00bb custom_margin=\u00bb0px||0px||false|false\u00bb custom_padding=\u00bb0px||0px||false|false\u00bb global_colors_info=\u00bb{}\u00bb src__hover_enabled=\u00bbon|desktop\u00bb src__hover=\u00bb\u00bb][\/et_pb_image][\/et_pb_column][et_pb_column type=\u00bb3_4&#8243; _builder_version=\u00bb4.16&#8243; _module_preset=\u00bbdefault\u00bb global_colors_info=\u00bb{}\u00bb][et_pb_text _builder_version=\u00bb4.17.1&#8243; _module_preset=\u00bbdefault\u00bb hover_enabled=\u00bb0&#8243; global_colors_info=\u00bb{}\u00bb sticky_enabled=\u00bb0&#8243;]<\/p>\n<h2><span style=\"color: #0094ff;\"><span style=\"color: #3366ff;\">Alta de vados<\/span><br \/><\/span><\/h2>\n<p>Si desea dar de alta un vado, rellene el modelo adjunto y pres\u00e9ntelo en al Ayuntamiento de Museros (registro de entrada o recaudacion@museros.es). La Polic\u00eda Local estudiar\u00e1 su petici\u00f3n y nos pondremos en contacto con usted.<\/p>\n<p>&nbsp;<\/p>\n<p><span style=\"color: #808080;\">Descargar Modelo alta vados<\/span><br \/><span style=\"color: #808080;\">Documento Adobe Acrobat<\/span><\/p>\n<p>[\/et_pb_text][et_pb_button button_url=\u00bbhttps:\/\/museros.org\/wp-content\/uploads\/2022\/04\/a-sollicitud-guals.pdf\u00bb url_new_window=\u00bbon\u00bb button_text=\u00bbAlta vados PDF\u00bb admin_label=\u00bbPlan Museros Plus PDF\u00bb _builder_version=\u00bb4.17.1&#8243; _module_preset=\u00bbdefault\u00bb custom_button=\u00bbon\u00bb button_text_color=\u00bb#ffffff\u00bb button_bg_color=\u00bb#0099cc\u00bb button_bg_use_color_gradient=\u00bbon\u00bb button_bg_color_gradient_stops=\u00bb#0099cc 0%|#0099cc 100%\u00bb button_bg_color_gradient_start=\u00bb#0099cc\u00bb button_bg_color_gradient_end=\u00bb#0099cc\u00bb button_border_color=\u00bbrgba(0,0,0,0)\u00bb animation_style=\u00bbfade\u00bb button_bg_color_tablet=\u00bb\u00bb button_bg_color_phone=\u00bb\u00bb button_bg_color_last_edited=\u00bbon|desktop\u00bb locked=\u00bboff\u00bb global_colors_info=\u00bb{}\u00bb button_bg_color__hover_enabled=\u00bbon|desktop\u00bb button_bg_color__hover=\u00bb#0099cc\u00bb][\/et_pb_button][\/et_pb_column][\/et_pb_row][et_pb_row _builder_version=\u00bb4.16&#8243; _module_preset=\u00bbdefault\u00bb custom_margin=\u00bb25px||-25px||false|false\u00bb custom_padding=\u00bb0px||0px||false|false\u00bb locked=\u00bboff\u00bb global_colors_info=\u00bb{}\u00bb][et_pb_column type=\u00bb4_4&#8243; _builder_version=\u00bb4.16&#8243; _module_preset=\u00bbdefault\u00bb global_colors_info=\u00bb{}\u00bb][et_pb_divider color=\u00bb#999999&#8243; divider_style=\u00bbdotted\u00bb divider_weight=\u00bb7px\u00bb _builder_version=\u00bb4.16&#8243; _module_preset=\u00bbdefault\u00bb width=\u00bb100%\u00bb module_alignment=\u00bbright\u00bb custom_margin=\u00bb0px||20px||false|false\u00bb custom_padding=\u00bb0px||0px||false|false\u00bb locked=\u00bboff\u00bb global_colors_info=\u00bb{}\u00bb][\/et_pb_divider][et_pb_text _builder_version=\u00bb4.16&#8243; _module_preset=\u00bbdefault\u00bb text_text_color=\u00bb#0094ff\u00bb header_text_color=\u00bb#0094ff\u00bb header_2_text_color=\u00bb#0094ff\u00bb global_colors_info=\u00bb{}\u00bb]<\/p>\n<h3><span style=\"color: #3366ff;\">Informaci\u00f3n \u00fatil<\/span><\/h3>\n<p>[\/et_pb_text][\/et_pb_column][\/et_pb_row][et_pb_row column_structure=\u00bb1_5,1_5,1_5,1_5,1_5&#8243; _builder_version=\u00bb4.16&#8243; _module_preset=\u00bbdefault\u00bb custom_padding=\u00bb0px||0px||false|false\u00bb locked=\u00bboff\u00bb global_colors_info=\u00bb{}\u00bb][et_pb_column type=\u00bb1_5&#8243; _builder_version=\u00bb4.16&#8243; _module_preset=\u00bbdefault\u00bb global_colors_info=\u00bb{}\u00bb][et_pb_image src=\u00bbhttps:\/\/museros.org\/wp-content\/uploads\/2021\/08\/logo-planmuseros-200&#215;160-1.jpg\u00bb title_text=\u00bblogo-planmuseros-200&#215;160&#8243; url=\u00bbhttps:\/\/www.museros.org\/inici\/es\/plan-museros-plus\/\u00bb use_overlay=\u00bbon\u00bb overlay_icon_color=\u00bbrgba(12,113,195,0.7)\u00bb hover_overlay_color=\u00bbrgba(255,255,255,0.7)\u00bb hover_icon=\u00bb&#xe04e;||divi||400&#8243; align=\u00bbcenter\u00bb src_tablet=\u00bbhttp:\/\/museros.org\/wp-content\/uploads\/2020\/12\/plan-museros-plus-410.png\u00bb src_phone=\u00bbhttp:\/\/museros.org\/wp-content\/uploads\/2020\/12\/plan-museros-plus-410.png\u00bb src_last_edited=\u00bbon|desktop\u00bb _builder_version=\u00bb4.16&#8243; _module_preset=\u00bbdefault\u00bb width=\u00bb100%\u00bb width_tablet=\u00bb70%\u00bb width_phone=\u00bb60%\u00bb width_last_edited=\u00bbon|desktop\u00bb global_colors_info=\u00bb{}\u00bb src__hover_enabled=\u00bbon|desktop\u00bb src__hover=\u00bb\u00bb][\/et_pb_image][\/et_pb_column][et_pb_column type=\u00bb1_5&#8243; _builder_version=\u00bb4.16&#8243; _module_preset=\u00bbdefault\u00bb global_colors_info=\u00bb{}\u00bb][et_pb_image src=\u00bbhttps:\/\/museros.org\/wp-content\/uploads\/2021\/08\/logo-calendariofis-200&#215;160-1.jpg\u00bb title_text=\u00bblogo-calendariofis-200&#215;160&#8243; url=\u00bbhttps:\/\/www.museros.org\/inici\/es\/calendario-fiscal\/\u00bb use_overlay=\u00bbon\u00bb overlay_icon_color=\u00bbrgba(12,113,195,0.7)\u00bb hover_overlay_color=\u00bbrgba(255,255,255,0.5)\u00bb hover_icon=\u00bb&#xe04e;||divi||400&#8243; align=\u00bbcenter\u00bb src_tablet=\u00bbhttp:\/\/museros.org\/wp-content\/uploads\/2020\/12\/calendario-fiscal-410.png\u00bb src_phone=\u00bbhttp:\/\/museros.org\/wp-content\/uploads\/2020\/12\/calendario-fiscal-410.png\u00bb src_last_edited=\u00bbon|desktop\u00bb _builder_version=\u00bb4.16&#8243; _module_preset=\u00bbdefault\u00bb width=\u00bb100%\u00bb width_tablet=\u00bb70%\u00bb width_phone=\u00bb60%\u00bb width_last_edited=\u00bbon|phone\u00bb global_colors_info=\u00bb{}\u00bb src__hover_enabled=\u00bbon|desktop\u00bb src__hover=\u00bb\u00bb][\/et_pb_image][\/et_pb_column][et_pb_column type=\u00bb1_5&#8243; _builder_version=\u00bb4.16&#8243; _module_preset=\u00bbdefault\u00bb global_colors_info=\u00bb{}\u00bb][et_pb_image src=\u00bbhttps:\/\/museros.org\/wp-content\/uploads\/2021\/08\/logo-famnumerosa-200&#215;160-1.jpg\u00bb title_text=\u00bblogo-famnumerosa-200&#215;160&#8243; url=\u00bbhttps:\/\/www.museros.org\/inici\/es\/familia-numerosa\/\u00bb use_overlay=\u00bbon\u00bb overlay_icon_color=\u00bbrgba(12,113,195,0.7)\u00bb hover_overlay_color=\u00bbrgba(255,255,255,0.5)\u00bb hover_icon=\u00bb&#xe04e;||divi||400&#8243; align=\u00bbcenter\u00bb src_tablet=\u00bbhttp:\/\/museros.org\/wp-content\/uploads\/2020\/12\/familia-numerosa-410.png\u00bb src_phone=\u00bbhttp:\/\/museros.org\/wp-content\/uploads\/2020\/12\/familia-numerosa-410.png\u00bb src_last_edited=\u00bbon|desktop\u00bb _builder_version=\u00bb4.16&#8243; _module_preset=\u00bbdefault\u00bb width=\u00bb100%\u00bb width_tablet=\u00bb60%\u00bb width_phone=\u00bb60%\u00bb width_last_edited=\u00bbon|tablet\u00bb global_colors_info=\u00bb{}\u00bb src__hover_enabled=\u00bbon|desktop\u00bb src__hover=\u00bb\u00bb][\/et_pb_image][\/et_pb_column][et_pb_column type=\u00bb1_5&#8243; _builder_version=\u00bb4.16&#8243; _module_preset=\u00bbdefault\u00bb global_colors_info=\u00bb{}\u00bb][et_pb_image src=\u00bbhttps:\/\/museros.org\/wp-content\/uploads\/2021\/08\/logo-domiciliacion-200&#215;160-1.jpg\u00bb title_text=\u00bblogo-domiciliacion-200&#215;160&#8243; url=\u00bbhttps:\/\/www.museros.org\/inici\/es\/domiciliacion\/\u00bb use_overlay=\u00bbon\u00bb overlay_icon_color=\u00bbrgba(12,113,195,0.7)\u00bb hover_overlay_color=\u00bbrgba(255,255,255,0.5)\u00bb hover_icon=\u00bb&#xe04e;||divi||400&#8243; align=\u00bbcenter\u00bb src_tablet=\u00bbhttp:\/\/museros.org\/wp-content\/uploads\/2020\/12\/domiciliacion410.png\u00bb src_phone=\u00bbhttp:\/\/museros.org\/wp-content\/uploads\/2020\/12\/domiciliacion410.png\u00bb src_last_edited=\u00bbon|desktop\u00bb _builder_version=\u00bb4.16&#8243; _module_preset=\u00bbdefault\u00bb width_tablet=\u00bb70%\u00bb width_phone=\u00bb60%\u00bb width_last_edited=\u00bbon|desktop\u00bb global_colors_info=\u00bb{}\u00bb src__hover_enabled=\u00bbon|desktop\u00bb src__hover=\u00bb\u00bb][\/et_pb_image][\/et_pb_column][et_pb_column type=\u00bb1_5&#8243; _builder_version=\u00bb4.16&#8243; _module_preset=\u00bbdefault\u00bb global_colors_info=\u00bb{}\u00bb][et_pb_image src=\u00bbhttps:\/\/museros.org\/wp-content\/uploads\/2021\/08\/logo-subastas-200&#215;160-1.jpg\u00bb title_text=\u00bblogo-subastas-200&#215;160&#8243; url=\u00bbhttps:\/\/www.museros.org\/inici\/es\/subastas\/\u00bb use_overlay=\u00bbon\u00bb overlay_icon_color=\u00bbrgba(12,113,195,0.7)\u00bb hover_overlay_color=\u00bbrgba(255,255,255,0.5)\u00bb hover_icon=\u00bb&#xe04e;||divi||400&#8243; align=\u00bbcenter\u00bb src_tablet=\u00bbhttp:\/\/museros.org\/wp-content\/uploads\/2020\/12\/subastas-410.png\u00bb src_phone=\u00bbhttp:\/\/museros.org\/wp-content\/uploads\/2020\/12\/subastas-410.png\u00bb src_last_edited=\u00bbon|desktop\u00bb _builder_version=\u00bb4.16&#8243; _module_preset=\u00bbdefault\u00bb width_tablet=\u00bb70%\u00bb width_phone=\u00bb60%\u00bb width_last_edited=\u00bbon|phone\u00bb global_colors_info=\u00bb{}\u00bb src__hover_enabled=\u00bbon|desktop\u00bb src__hover=\u00bb\u00bb][\/et_pb_image][\/et_pb_column][\/et_pb_row][et_pb_row _builder_version=\u00bb4.16&#8243; _module_preset=\u00bbdefault\u00bb custom_margin=\u00bb25px||-25px||false|false\u00bb custom_padding=\u00bb0px||0px||false|false\u00bb locked=\u00bboff\u00bb global_colors_info=\u00bb{}\u00bb][et_pb_column type=\u00bb4_4&#8243; _builder_version=\u00bb4.16&#8243; _module_preset=\u00bbdefault\u00bb global_colors_info=\u00bb{}\u00bb][et_pb_divider color=\u00bb#0099cc\u00bb divider_weight=\u00bb4px\u00bb _builder_version=\u00bb4.16&#8243; _module_preset=\u00bbdefault\u00bb width=\u00bb100%\u00bb module_alignment=\u00bbright\u00bb custom_margin=\u00bb0px||20px||false|false\u00bb custom_padding=\u00bb0px||0px||false|false\u00bb locked=\u00bboff\u00bb global_colors_info=\u00bb{}\u00bb][\/et_pb_divider][\/et_pb_column][\/et_pb_row][\/et_pb_section]<\/p>\n","protected":false},"excerpt":{"rendered":"<p>Alta de vados Si desea dar de alta un vado, rellene el modelo adjunto y pres\u00e9ntelo en al Ayuntamiento de Museros (registro de entrada o recaudacion@museros.es). La Polic\u00eda Local estudiar\u00e1 su petici\u00f3n y nos pondremos en contacto con usted. &nbsp; Descargar Modelo alta vadosDocumento Adobe AcrobatInformaci\u00f3n \u00fatil<\/p>\n","protected":false},"author":8,"featured_media":0,"parent":0,"menu_order":0,"comment_status":"closed","ping_status":"closed","template":"","meta":{"_et_pb_use_builder":"on","_et_pb_old_content":"","_et_gb_content_width":"","_mc_calendar":[],"footnotes":""},"wf_page_folders":[155],"class_list":["post-238827","page","type-page","status-publish","hentry"],"_links":{"self":[{"href":"https:\/\/museros.org\/inici\/wp-json\/wp\/v2\/pages\/238827","targetHints":{"allow":["GET"]}}],"collection":[{"href":"https:\/\/museros.org\/inici\/wp-json\/wp\/v2\/pages"}],"about":[{"href":"https:\/\/museros.org\/inici\/wp-json\/wp\/v2\/types\/page"}],"author":[{"embeddable":true,"href":"https:\/\/museros.org\/inici\/wp-json\/wp\/v2\/users\/8"}],"replies":[{"embeddable":true,"href":"https:\/\/museros.org\/inici\/wp-json\/wp\/v2\/comments?post=238827"}],"version-history":[{"count":25,"href":"https:\/\/museros.org\/inici\/wp-json\/wp\/v2\/pages\/238827\/revisions"}],"predecessor-version":[{"id":257989,"href":"https:\/\/museros.org\/inici\/wp-json\/wp\/v2\/pages\/238827\/revisions\/257989"}],"wp:attachment":[{"href":"https:\/\/museros.org\/inici\/wp-json\/wp\/v2\/media?parent=238827"}],"wp:term":[{"taxonomy":"wf_page_folders","embeddable":true,"href":"https:\/\/museros.org\/inici\/wp-json\/wp\/v2\/wf_page_folders?post=238827"}],"curies":[{"name":"wp","href":"https:\/\/api.w.org\/{rel}","templated":true}]}}