{"id":2107,"date":"2020-09-16T22:07:58","date_gmt":"2020-09-16T22:07:58","guid":{"rendered":"https:\/\/www.museros.site\/pagina\/?page_id=2107"},"modified":"2022-12-18T17:30:18","modified_gmt":"2022-12-18T17:30:18","slug":"servicios-sociales","status":"publish","type":"page","link":"https:\/\/museros.org\/inici\/es\/servicios-sociales\/","title":{"rendered":"Servicios sociales"},"content":{"rendered":"<p>[et_pb_section fb_built=\u00bb1&#8243; _builder_version=\u00bb4.16&#8243; _module_preset=\u00bbdefault\u00bb custom_margin=\u00bb0px||||false|false\u00bb custom_padding=\u00bb0px||||false|false\u00bb global_colors_info=\u00bb{}\u00bb][et_pb_row column_structure=\u00bb1_4,3_4&#8243; _builder_version=\u00bb4.16&#8243; _module_preset=\u00bbdefault\u00bb custom_margin=\u00bb0px||||false|false\u00bb custom_padding=\u00bb0px||||false|false\u00bb global_colors_info=\u00bb{}\u00bb][et_pb_column type=\u00bb1_4&#8243; _builder_version=\u00bb4.16&#8243; _module_preset=\u00bbdefault\u00bb global_colors_info=\u00bb{}\u00bb][et_pb_image src=\u00bbhttps:\/\/museros.org\/wp-content\/uploads\/2022\/11\/serveissocials-230&#215;180-1.jpg\u00bb title_text=\u00bbserveissocials-230&#215;180&#8243; url=\u00bbhttps:\/\/museros.org\/inici\/es\/museros-inclusivo\u00bb use_overlay=\u00bbon\u00bb overlay_icon_color=\u00bb#E02B20&#8243; hover_overlay_color=\u00bbrgba(255,255,255,0.7)\u00bb hover_icon=\u00bb&#xe04d;||divi||400&#8243; align=\u00bbcenter\u00bb _builder_version=\u00bb4.19.4&#8243; _module_preset=\u00bbdefault\u00bb width=\u00bb100%\u00bb hover_enabled=\u00bb0&#8243; locked=\u00bboff\u00bb global_colors_info=\u00bb{}\u00bb sticky_enabled=\u00bb0&#8243;][\/et_pb_image][\/et_pb_column][et_pb_column type=\u00bb3_4&#8243; _builder_version=\u00bb4.16&#8243; _module_preset=\u00bbdefault\u00bb global_colors_info=\u00bb{}\u00bb][et_pb_text _builder_version=\u00bb4.17.1&#8243; _module_preset=\u00bbdefault\u00bb custom_padding=\u00bb||5px|||\u00bb global_colors_info=\u00bb{}\u00bb]<\/p>\n<h2>Servicios sociales<\/h2>\n<p>Se trata de un sistema que incluye una serie de programas y recursos que abordan problemas sociales concretos; un conjunto de servicios y prestaciones de promoci\u00f3n y acci\u00f3n social que atiende las necesidades sociales de forma integral. Promueve actividades para evitar situaciones de riesgo social.<\/p>\n<p>Trabajadoras sociales<br \/>Horario de atenci\u00f3n al p\u00fablico, con cita previa.<\/p>\n<p>Ubicados en el Centro Social de D\u00eda, en la Avenida de Blasco Ib\u00e1\u00f1ez, 87 (detr\u00e1s de la ermita).<br \/>El horario es de 09.30 h a 14.30 h.<br \/>Tel\u00e9fono: 960 262 153<\/p>\n<p>[\/et_pb_text][\/et_pb_column][\/et_pb_row][et_pb_row _builder_version=\u00bb4.16&#8243; _module_preset=\u00bbdefault\u00bb global_colors_info=\u00bb{}\u00bb][et_pb_column type=\u00bb4_4&#8243; _builder_version=\u00bb4.16&#8243; _module_preset=\u00bbdefault\u00bb global_colors_info=\u00bb{}\u00bb][et_pb_divider color=\u00bb#cc0000&#8243; divider_weight=\u00bb4px\u00bb _builder_version=\u00bb4.16&#8243; _module_preset=\u00bbdefault\u00bb global_colors_info=\u00bb{}\u00bb][\/et_pb_divider][\/et_pb_column][\/et_pb_row][\/et_pb_section]<\/p>\n","protected":false},"excerpt":{"rendered":"<p>Servicios sociales Se trata de un sistema que incluye una serie de programas y recursos que abordan problemas sociales concretos; un conjunto de servicios y prestaciones de promoci\u00f3n y acci\u00f3n social que atiende las necesidades sociales de forma integral. Promueve actividades para evitar situaciones de riesgo social. Trabajadoras socialesHorario de atenci\u00f3n al p\u00fablico, con cita [&hellip;]<\/p>\n","protected":false},"author":8,"featured_media":0,"parent":0,"menu_order":0,"comment_status":"closed","ping_status":"closed","template":"","meta":{"_et_pb_use_builder":"on","_et_pb_old_content":"","_et_gb_content_width":"","_mc_calendar":[],"footnotes":""},"wf_page_folders":[288],"class_list":["post-2107","page","type-page","status-publish","hentry"],"_links":{"self":[{"href":"https:\/\/museros.org\/inici\/wp-json\/wp\/v2\/pages\/2107","targetHints":{"allow":["GET"]}}],"collection":[{"href":"https:\/\/museros.org\/inici\/wp-json\/wp\/v2\/pages"}],"about":[{"href":"https:\/\/museros.org\/inici\/wp-json\/wp\/v2\/types\/page"}],"author":[{"embeddable":true,"href":"https:\/\/museros.org\/inici\/wp-json\/wp\/v2\/users\/8"}],"replies":[{"embeddable":true,"href":"https:\/\/museros.org\/inici\/wp-json\/wp\/v2\/comments?post=2107"}],"version-history":[{"count":11,"href":"https:\/\/museros.org\/inici\/wp-json\/wp\/v2\/pages\/2107\/revisions"}],"predecessor-version":[{"id":263028,"href":"https:\/\/museros.org\/inici\/wp-json\/wp\/v2\/pages\/2107\/revisions\/263028"}],"wp:attachment":[{"href":"https:\/\/museros.org\/inici\/wp-json\/wp\/v2\/media?parent=2107"}],"wp:term":[{"taxonomy":"wf_page_folders","embeddable":true,"href":"https:\/\/museros.org\/inici\/wp-json\/wp\/v2\/wf_page_folders?post=2107"}],"curies":[{"name":"wp","href":"https:\/\/api.w.org\/{rel}","templated":true}]}}